{"id":16,"date":"2024-03-15T18:03:46","date_gmt":"2024-03-15T17:03:46","guid":{"rendered":"https:\/\/angeliqueolaizola.com\/?page_id=16"},"modified":"2026-03-25T11:51:49","modified_gmt":"2026-03-25T10:51:49","slug":"accueil","status":"publish","type":"page","link":"https:\/\/angeliqueolaizola.com\/","title":{"rendered":"Accueil"},"content":{"rendered":"\t\t<div data-elementor-type=\"wp-page\" data-elementor-id=\"16\" class=\"elementor elementor-16\">\n\t\t\t\t<div class=\"elementor-element elementor-element-a35b2ea e-con-full e-flex e-con e-parent\" data-id=\"a35b2ea\" data-element_type=\"container\" data-e-type=\"container\">\n\t\t\t\t<div class=\"elementor-element elementor-element-b795ee0 elementor-widget__width-initial elementor-widget elementor-widget-text-editor\" data-id=\"b795ee0\" data-element_type=\"widget\" data-e-type=\"widget\" data-widget_type=\"text-editor.default\">\n\t\t\t\t<div class=\"elementor-widget-container\">\n\t\t\t\t\t\t\t\t\t<p><strong>Pranath\u00e9rapie (s\u00e9ance \u00e9nerg\u00e9tique) Pranic Healing<\/strong>\u00ae<\/p>\t\t\t\t\t\t\t\t<\/div>\n\t\t\t\t<\/div>\n\t\t\t\t<\/div>\n\t\t<div class=\"elementor-element elementor-element-86ab5e5 e-con-full e-flex e-con e-parent\" data-id=\"86ab5e5\" data-element_type=\"container\" data-e-type=\"container\">\n\t\t\t\t<div class=\"elementor-element elementor-element-f4e4690 elementor-widget elementor-widget-text-editor\" data-id=\"f4e4690\" data-element_type=\"widget\" data-e-type=\"widget\" data-widget_type=\"text-editor.default\">\n\t\t\t\t<div class=\"elementor-widget-container\">\n\t\t\t\t\t\t\t\t\t<p class=\"cvGsUA direction-ltr align-center para-style-body\"><span class=\"OYPEnA font-feature-liga-off font-feature-clig-off font-feature-calt-off text-decoration-none text-strikethrough-none\"><strong>Renforce les d\u00e9fenses naturelles du corps<\/strong> combattant ainsi ses faiblesses et appliqu\u00e9e r\u00e9guli\u00e8rement, elle <\/span><span class=\"OYPEnA font-feature-liga-off font-feature-clig-off font-feature-calt-off text-decoration-none text-strikethrough-none\">peut-\u00eatre une m\u00e9thode globale de pr\u00e9vention ou de maintien du <\/span><span class=\"OYPEnA font-feature-liga-off font-feature-clig-off font-feature-calt-off text-decoration-none text-strikethrough-none\">bien-\u00eatre au quotidien.<\/span><\/p><p><span class=\"OYPEnA font-feature-liga-off font-feature-clig-off font-feature-calt-off text-decoration-none text-strikethrough-none\">R\u00e9\u00e9quilibre au niveau physique, \u00e9motionnel et mental &#8211; allergies, br\u00fblures &#8230;<\/span><span class=\"OYPEnA font-feature-liga-off font-feature-clig-off font-feature-calt-off text-decoration-none text-strikethrough-none\"> Abandon, choc ou stress suite \u00e0 un accident, <\/span>col\u00e8re, culpabilit\u00e9, d\u00e9go\u00fbt, d\u00e9sespoir, doute, frustration, jalousie, honte, traumatismes, pens\u00e9es n\u00e9gatives, tristesse, peur&#8230;<\/p><p><span class=\"OYPEnA font-feature-liga-off font-feature-clig-off font-feature-calt-off text-decoration-none text-strikethrough-none\">Doit-\u00eatre consid\u00e9r\u00e9e comme compl\u00e9mentaire \u00e0 la m\u00e9decine et \u00e0 toutes autres m\u00e9thodes curatives, mais ne doit, en aucun cas, remplacer le traitement m\u00e9dical. <\/span><\/p><p>L\u2019efficacit\u00e9 des s\u00e9ances praniques peut varier d\u2019une personne \u00e0 l\u2019autre.<\/p><p><strong>Ces s\u00e9ances peuvent \u00e9galement s&rsquo;appliquer aux animaux.<\/strong><\/p>\t\t\t\t\t\t\t\t<\/div>\n\t\t\t\t<\/div>\n\t\t\t\t<\/div>\n\t\t<div class=\"elementor-element elementor-element-78886ae e-con-full e-flex e-con e-parent\" data-id=\"78886ae\" data-element_type=\"container\" data-e-type=\"container\">\n\t\t\t\t<div class=\"elementor-element elementor-element-a7d0254 elementor-widget elementor-widget-heading\" data-id=\"a7d0254\" data-element_type=\"widget\" data-e-type=\"widget\" data-widget_type=\"heading.default\">\n\t\t\t\t<div class=\"elementor-widget-container\">\n\t\t\t\t\t<h2 class=\"elementor-heading-title elementor-size-default\">La s\u00e9ance<\/h2>\t\t\t\t<\/div>\n\t\t\t\t<\/div>\n\t\t\t\t<\/div>\n\t\t<div class=\"elementor-element elementor-element-ff2b342 e-con-full e-flex e-con e-parent\" data-id=\"ff2b342\" data-element_type=\"container\" data-e-type=\"container\">\n\t\t\t\t<div class=\"elementor-element elementor-element-0414c80 elementor-widget elementor-widget-text-editor\" data-id=\"0414c80\" data-element_type=\"widget\" data-e-type=\"widget\" data-widget_type=\"text-editor.default\">\n\t\t\t\t<div class=\"elementor-widget-container\">\n\t\t\t\t\t\t\t\t\t<p>La s\u00e9ance pranique comprend un nettoyage minutieux du corps \u00e9nerg\u00e9tique et des centres \u00e9nerg\u00e9tiques (les chakras) et ensuite la projection d&rsquo;\u00e9nergie vitale fra\u00eeche, si n\u00e9cessaire.<\/p><p>La s\u00e9ance pranique permet une r\u00e9g\u00e9n\u00e9ration profonde et elle est pratiqu\u00e9e sans toucher le corps physique de la cliente \/ du client.<\/p><p><strong><span style=\"text-decoration: underline;\"><em>La s\u00e9ance peut se faire \u00e0 distance et si vous le souhaitez en visio par \u00ab\u00a0WhatsApp\u00a0\u00bb.<\/em><\/span><\/strong><\/p>\t\t\t\t\t\t\t\t<\/div>\n\t\t\t\t<\/div>\n\t\t\t\t<\/div>\n\t\t<div class=\"elementor-element elementor-element-6ea18bc e-con-full e-flex e-con e-parent\" data-id=\"6ea18bc\" data-element_type=\"container\" data-e-type=\"container\">\n\t\t\t\t<div class=\"elementor-element elementor-element-82e5bf5 elementor-widget elementor-widget-heading\" data-id=\"82e5bf5\" data-element_type=\"widget\" data-e-type=\"widget\" data-widget_type=\"heading.default\">\n\t\t\t\t<div class=\"elementor-widget-container\">\n\t\t\t\t\t<h2 class=\"elementor-heading-title elementor-size-default\">Tarifs<\/h2>\t\t\t\t<\/div>\n\t\t\t\t<\/div>\n\t\t\t\t<div class=\"elementor-element elementor-element-1009693 elementor-widget elementor-widget-text-editor\" data-id=\"1009693\" data-element_type=\"widget\" data-e-type=\"widget\" data-widget_type=\"text-editor.default\">\n\t\t\t\t<div class=\"elementor-widget-container\">\n\t\t\t\t\t\t\t\t\t<p>La s\u00e9ance pranique se pratique individuellement. En fonction des besoins de la cliente \/ du client elle peut \u00eatre pratiqu\u00e9e une ou deux fois par semaine ou par mois.<\/p><p><strong>S\u00e9ance<\/strong> <strong>:<\/strong> 60\u20ac (en moyenne 1h \/ 1h15)<\/p><p><strong>S\u00e9ance<\/strong> <strong>compl\u00e9mentaire pour la s\u00e9r\u00e9nit\u00e9 \u00e9motionnelle, 20 minutes: <\/strong>20\u20ac<br \/><strong>S\u00e9ance<\/strong> <strong>compl\u00e9mentaire, 30 minutes: <\/strong>30\u20ac<\/p><p><strong>Forfait mensuel<\/strong> <strong>: <\/strong>105\u20ac par mois : comprend une s\u00e9ance de renfort des d\u00e9fenses naturelles du corps ( 60\u20ac la s\u00e9ance ) et trois s\u00e9ances compl\u00e9mentaires hebdomadaire de 20 minutes environ, ( harmonisation \u00e9nerg\u00e9tique pour la s\u00e9r\u00e9nit\u00e9 \u00e9motionnelle, 15\u20ac la s\u00e9ance au lieu de 20\u20ac).<\/p>\t\t\t\t\t\t\t\t<\/div>\n\t\t\t\t<\/div>\n\t\t\t\t<\/div>\n\t\t<div class=\"elementor-element elementor-element-9871892 e-con-full e-flex e-con e-parent\" data-id=\"9871892\" data-element_type=\"container\" data-e-type=\"container\">\n\t\t\t\t<div class=\"elementor-element elementor-element-29cc414 elementor-widget elementor-widget-heading\" data-id=\"29cc414\" data-element_type=\"widget\" data-e-type=\"widget\" data-widget_type=\"heading.default\">\n\t\t\t\t<div class=\"elementor-widget-container\">\n\t\t\t\t\t<h2 class=\"elementor-heading-title elementor-size-default\">Reiki Usui (harmonisation \u00e9nerg\u00e9tique)<\/h2>\t\t\t\t<\/div>\n\t\t\t\t<\/div>\n\t\t\t\t<div class=\"elementor-element elementor-element-b169969 elementor-widget elementor-widget-text-editor\" data-id=\"b169969\" data-element_type=\"widget\" data-e-type=\"widget\" data-widget_type=\"text-editor.default\">\n\t\t\t\t<div class=\"elementor-widget-container\">\n\t\t\t\t\t\t\t\t\t<div dir=\"auto\" data-olk-copy-source=\"MessageBody\">Poser les mains sur le corps d&rsquo;un humain ou d&rsquo;un animal pour le soulager et pour all\u00e9ger sa douleur et une action aussi ancienne que l&rsquo;instinct.<\/div><div dir=\"auto\" data-olk-copy-source=\"MessageBody\">Quand ils ont mal, la premi\u00e8re chose que font la plupart des gens est de poser la main sur l&rsquo;endroit douloureux.<\/div><div dir=\"auto\">Le toucher humain transmet chaleur, s\u00e9r\u00e9nit\u00e9 et apaisement.<\/div><div dir=\"auto\">\u00a0<\/div><div dir=\"auto\">Quand un animal a mal, son instinct lui commande de l\u00e9cher la zone douloureuse, un \u00eatre humain touchera celle-ci de ses mains. Cette simple action est la base de toutes les techniques curatives utilisant le toucher.<\/div><div dir=\"auto\">\u00a0<\/div><div dir=\"auto\">Le corps vivant, humain ou animal, rayonne chaleur et \u00e9nergie.<\/div><div dir=\"auto\">\u00a0<\/div><div dir=\"auto\"><span data-olk-copy-source=\"MessageBody\">Le Reiki est avant tout une technique de pr\u00e9vention.<\/span><\/div><div dir=\"auto\"><span data-olk-copy-source=\"MessageBody\">Il n&rsquo;est pas n\u00e9cessaire d&rsquo;\u00eatre malade pour recevoir une harmonisation dont le but est de dissoudre les blocages qui sont dans la plupart des cas la cause de la maladie.<\/span><\/div>\t\t\t\t\t\t\t\t<\/div>\n\t\t\t\t<\/div>\n\t\t\t\t<div class=\"elementor-element elementor-element-356051d elementor-widget elementor-widget-heading\" data-id=\"356051d\" data-element_type=\"widget\" data-e-type=\"widget\" data-widget_type=\"heading.default\">\n\t\t\t\t<div class=\"elementor-widget-container\">\n\t\t\t\t\t<h2 class=\"elementor-heading-title elementor-size-default\">La s\u00e9ance<\/h2>\t\t\t\t<\/div>\n\t\t\t\t<\/div>\n\t\t\t\t<div class=\"elementor-element elementor-element-670c413 elementor-widget elementor-widget-text-editor\" data-id=\"670c413\" data-element_type=\"widget\" data-e-type=\"widget\" data-widget_type=\"text-editor.default\">\n\t\t\t\t<div class=\"elementor-widget-container\">\n\t\t\t\t\t\t\t\t\t<p>La s\u00e9ance Reiki permet une r\u00e9harmonisation \u00e9nerg\u00e9tique : elle est pratiqu\u00e9e habill\u00e9 en touchant ou effleurant le corps physique de la cliente \/ du client.<\/p><p><strong><em>La s\u00e9ance peut se faire \u00e0 distance et si vous le souhaitez en visio par \u00ab\u00a0WhatsApp\u00a0\u00bb.<\/em><\/strong><\/p>\t\t\t\t\t\t\t\t<\/div>\n\t\t\t\t<\/div>\n\t\t\t\t<div class=\"elementor-element elementor-element-0e0b0a1 elementor-widget elementor-widget-heading\" data-id=\"0e0b0a1\" data-element_type=\"widget\" data-e-type=\"widget\" data-widget_type=\"heading.default\">\n\t\t\t\t<div class=\"elementor-widget-container\">\n\t\t\t\t\t<h2 class=\"elementor-heading-title elementor-size-default\">Tarifs<\/h2>\t\t\t\t<\/div>\n\t\t\t\t<\/div>\n\t\t\t\t<div class=\"elementor-element elementor-element-6e51886 elementor-widget elementor-widget-text-editor\" data-id=\"6e51886\" data-element_type=\"widget\" data-e-type=\"widget\" data-widget_type=\"text-editor.default\">\n\t\t\t\t<div class=\"elementor-widget-container\">\n\t\t\t\t\t\t\t\t\t<p><strong>S\u00e9ance<\/strong> <strong>:<\/strong> 60\u20ac (en moyenne 1h \/ 1h15)<\/p>\t\t\t\t\t\t\t\t<\/div>\n\t\t\t\t<\/div>\n\t\t\t\t<\/div>\n\t\t<div class=\"elementor-element elementor-element-562319c e-grid e-con-full e-con e-parent\" data-id=\"562319c\" data-element_type=\"container\" data-e-type=\"container\">\n\t\t\t\t<div class=\"elementor-element elementor-element-ff04312 elementor-widget elementor-widget-text-editor\" data-id=\"ff04312\" data-element_type=\"widget\" data-e-type=\"widget\" data-widget_type=\"text-editor.default\">\n\t\t\t\t<div class=\"elementor-widget-container\">\n\t\t\t\t\t\t\t\t\t<p>\u00a0\u00a0\u00a0<strong> <br \/>Bon cadeau<\/strong><\/p><p>N&rsquo;h\u00e9sitez pas et offrez \u00e0 vos proches un bon cadeau.<\/p><div>\u00a0<\/div>\t\t\t\t\t\t\t\t<\/div>\n\t\t\t\t<\/div>\n\t\t\t\t<div class=\"elementor-element elementor-element-c51fb95 elementor-widget elementor-widget-image\" data-id=\"c51fb95\" data-element_type=\"widget\" data-e-type=\"widget\" data-widget_type=\"image.default\">\n\t\t\t\t<div class=\"elementor-widget-container\">\n\t\t\t\t\t\t\t\t\t\t\t\t\t\t\t<img fetchpriority=\"high\" decoding=\"async\" width=\"1024\" height=\"726\" src=\"https:\/\/angeliqueolaizola.com\/wp-content\/uploads\/2024\/12\/Bon-cadeau-jpeg-1024x726.jpg\" class=\"attachment-large size-large wp-image-566\" alt=\"\" srcset=\"https:\/\/angeliqueolaizola.com\/wp-content\/uploads\/2024\/12\/Bon-cadeau-jpeg-1024x726.jpg 1024w, https:\/\/angeliqueolaizola.com\/wp-content\/uploads\/2024\/12\/Bon-cadeau-jpeg-300x213.jpg 300w, https:\/\/angeliqueolaizola.com\/wp-content\/uploads\/2024\/12\/Bon-cadeau-jpeg-768x545.jpg 768w, https:\/\/angeliqueolaizola.com\/wp-content\/uploads\/2024\/12\/Bon-cadeau-jpeg-1536x1090.jpg 1536w, https:\/\/angeliqueolaizola.com\/wp-content\/uploads\/2024\/12\/Bon-cadeau-jpeg.jpg 1748w\" sizes=\"(max-width: 1024px) 100vw, 1024px\" \/>\t\t\t\t\t\t\t\t\t\t\t\t\t\t\t<\/div>\n\t\t\t\t<\/div>\n\t\t\t\t<\/div>\n\t\t\t\t<\/div>\n\t\t","protected":false},"excerpt":{"rendered":"<p>Pranath\u00e9rapie (s\u00e9ance \u00e9nerg\u00e9tique) Pranic Healing\u00ae Renforce les d\u00e9fenses naturelles du corps combattant ainsi ses faiblesses et appliqu\u00e9e r\u00e9guli\u00e8rement, elle peut-\u00eatre une m\u00e9thode globale de pr\u00e9vention ou de maintien du bien-\u00eatre au quotidien. R\u00e9\u00e9quilibre au niveau physique, \u00e9motionnel et mental &#8211; allergies, br\u00fblures &#8230; Abandon, choc ou stress suite \u00e0 un accident, col\u00e8re, culpabilit\u00e9, d\u00e9go\u00fbt, d\u00e9sespoir, [&hellip;]<\/p>\n","protected":false},"author":1,"featured_media":0,"parent":0,"menu_order":0,"comment_status":"closed","ping_status":"closed","template":"","meta":{"ocean_post_layout":"","ocean_both_sidebars_style":"","ocean_both_sidebars_content_width":0,"ocean_both_sidebars_sidebars_width":0,"ocean_sidebar":"","ocean_second_sidebar":"","ocean_disable_margins":"enable","ocean_add_body_class":"","ocean_shortcode_before_top_bar":"","ocean_shortcode_after_top_bar":"","ocean_shortcode_before_header":"","ocean_shortcode_after_header":"","ocean_has_shortcode":"","ocean_shortcode_after_title":"","ocean_shortcode_before_footer_widgets":"","ocean_shortcode_after_footer_widgets":"","ocean_shortcode_before_footer_bottom":"","ocean_shortcode_after_footer_bottom":"","ocean_display_top_bar":"default","ocean_display_header":"default","ocean_header_style":"","ocean_center_header_left_menu":"","ocean_custom_header_template":"","ocean_custom_logo":0,"ocean_custom_retina_logo":0,"ocean_custom_logo_max_width":0,"ocean_custom_logo_tablet_max_width":0,"ocean_custom_logo_mobile_max_width":0,"ocean_custom_logo_max_height":0,"ocean_custom_logo_tablet_max_height":0,"ocean_custom_logo_mobile_max_height":0,"ocean_header_custom_menu":"","ocean_menu_typo_font_family":"","ocean_menu_typo_font_subset":"","ocean_menu_typo_font_size":0,"ocean_menu_typo_font_size_tablet":0,"ocean_menu_typo_font_size_mobile":0,"ocean_menu_typo_font_size_unit":"px","ocean_menu_typo_font_weight":"","ocean_menu_typo_font_weight_tablet":"","ocean_menu_typo_font_weight_mobile":"","ocean_menu_typo_transform":"","ocean_menu_typo_transform_tablet":"","ocean_menu_typo_transform_mobile":"","ocean_menu_typo_line_height":0,"ocean_menu_typo_line_height_tablet":0,"ocean_menu_typo_line_height_mobile":0,"ocean_menu_typo_line_height_unit":"","ocean_menu_typo_spacing":0,"ocean_menu_typo_spacing_tablet":0,"ocean_menu_typo_spacing_mobile":0,"ocean_menu_typo_spacing_unit":"","ocean_menu_link_color":"","ocean_menu_link_color_hover":"","ocean_menu_link_color_active":"","ocean_menu_link_background":"","ocean_menu_link_hover_background":"","ocean_menu_link_active_background":"","ocean_menu_social_links_bg":"","ocean_menu_social_hover_links_bg":"","ocean_menu_social_links_color":"","ocean_menu_social_hover_links_color":"","ocean_disable_title":"default","ocean_disable_heading":"default","ocean_post_title":"","ocean_post_subheading":"","ocean_post_title_style":"","ocean_post_title_background_color":"","ocean_post_title_background":0,"ocean_post_title_bg_image_position":"","ocean_post_title_bg_image_attachment":"","ocean_post_title_bg_image_repeat":"","ocean_post_title_bg_image_size":"","ocean_post_title_height":0,"ocean_post_title_bg_overlay":0.5,"ocean_post_title_bg_overlay_color":"","ocean_disable_breadcrumbs":"default","ocean_breadcrumbs_color":"","ocean_breadcrumbs_separator_color":"","ocean_breadcrumbs_links_color":"","ocean_breadcrumbs_links_hover_color":"","ocean_display_footer_widgets":"default","ocean_display_footer_bottom":"default","ocean_custom_footer_template":"","footnotes":""},"class_list":["post-16","page","type-page","status-publish","hentry","entry"],"yoast_head":"<!-- This site is optimized with the Yoast SEO plugin v27.4 - https:\/\/yoast.com\/product\/yoast-seo-wordpress\/ -->\n<title>Accueil &#8211; Pranath\u00e9rapie<\/title>\n<meta name=\"robots\" content=\"index, follow, max-snippet:-1, max-image-preview:large, max-video-preview:-1\" \/>\n<link rel=\"canonical\" href=\"https:\/\/angeliqueolaizola.com\/\" \/>\n<meta property=\"og:locale\" content=\"fr_FR\" \/>\n<meta property=\"og:type\" content=\"article\" \/>\n<meta property=\"og:title\" content=\"Accueil &#8211; Pranath\u00e9rapie\" \/>\n<meta property=\"og:description\" content=\"Pranath\u00e9rapie (s\u00e9ance \u00e9nerg\u00e9tique) Pranic Healing\u00ae Renforce les d\u00e9fenses naturelles du corps combattant ainsi ses faiblesses et appliqu\u00e9e r\u00e9guli\u00e8rement, elle peut-\u00eatre une m\u00e9thode globale de pr\u00e9vention ou de maintien du bien-\u00eatre au quotidien. R\u00e9\u00e9quilibre au niveau physique, \u00e9motionnel et mental &#8211; allergies, br\u00fblures &#8230; Abandon, choc ou stress suite \u00e0 un accident, col\u00e8re, culpabilit\u00e9, d\u00e9go\u00fbt, d\u00e9sespoir, [&hellip;]\" \/>\n<meta property=\"og:url\" content=\"https:\/\/angeliqueolaizola.com\/\" \/>\n<meta property=\"og:site_name\" content=\"Pranath\u00e9rapie\" \/>\n<meta property=\"article:modified_time\" content=\"2026-03-25T10:51:49+00:00\" \/>\n<meta property=\"og:image\" content=\"https:\/\/angeliqueolaizola.com\/wp-content\/uploads\/2024\/12\/Bon-cadeau-jpeg.jpg\" \/>\n\t<meta property=\"og:image:width\" content=\"1748\" \/>\n\t<meta property=\"og:image:height\" content=\"1240\" \/>\n\t<meta property=\"og:image:type\" content=\"image\/jpeg\" \/>\n<meta name=\"twitter:card\" content=\"summary_large_image\" \/>\n<meta name=\"twitter:label1\" content=\"Dur\u00e9e de lecture estim\u00e9e\" \/>\n\t<meta name=\"twitter:data1\" content=\"3 minutes\" \/>\n<script type=\"application\/ld+json\" class=\"yoast-schema-graph\">{\"@context\":\"https:\\\/\\\/schema.org\",\"@graph\":[{\"@type\":\"WebPage\",\"@id\":\"https:\\\/\\\/angeliqueolaizola.com\\\/\",\"url\":\"https:\\\/\\\/angeliqueolaizola.com\\\/\",\"name\":\"Accueil &#8211; Pranath\u00e9rapie\",\"isPartOf\":{\"@id\":\"https:\\\/\\\/angeliqueolaizola.com\\\/#website\"},\"primaryImageOfPage\":{\"@id\":\"https:\\\/\\\/angeliqueolaizola.com\\\/#primaryimage\"},\"image\":{\"@id\":\"https:\\\/\\\/angeliqueolaizola.com\\\/#primaryimage\"},\"thumbnailUrl\":\"http:\\\/\\\/angeliqueolaizola.com\\\/wp-content\\\/uploads\\\/2024\\\/12\\\/Bon-cadeau-jpeg-1024x726.jpg\",\"datePublished\":\"2024-03-15T17:03:46+00:00\",\"dateModified\":\"2026-03-25T10:51:49+00:00\",\"breadcrumb\":{\"@id\":\"https:\\\/\\\/angeliqueolaizola.com\\\/#breadcrumb\"},\"inLanguage\":\"fr-FR\",\"potentialAction\":[{\"@type\":\"ReadAction\",\"target\":[\"https:\\\/\\\/angeliqueolaizola.com\\\/\"]}]},{\"@type\":\"ImageObject\",\"inLanguage\":\"fr-FR\",\"@id\":\"https:\\\/\\\/angeliqueolaizola.com\\\/#primaryimage\",\"url\":\"https:\\\/\\\/angeliqueolaizola.com\\\/wp-content\\\/uploads\\\/2024\\\/12\\\/Bon-cadeau-jpeg.jpg\",\"contentUrl\":\"https:\\\/\\\/angeliqueolaizola.com\\\/wp-content\\\/uploads\\\/2024\\\/12\\\/Bon-cadeau-jpeg.jpg\",\"width\":1748,\"height\":1240},{\"@type\":\"BreadcrumbList\",\"@id\":\"https:\\\/\\\/angeliqueolaizola.com\\\/#breadcrumb\",\"itemListElement\":[{\"@type\":\"ListItem\",\"position\":1,\"name\":\"Accueil\",\"item\":\"https:\\\/\\\/angeliqueolaizola.com\\\/\"},{\"@type\":\"ListItem\",\"position\":2,\"name\":\"Accueil\"}]},{\"@type\":\"WebSite\",\"@id\":\"https:\\\/\\\/angeliqueolaizola.com\\\/#website\",\"url\":\"https:\\\/\\\/angeliqueolaizola.com\\\/\",\"name\":\"Pranath\u00e9rapie\",\"description\":\"Lib\u00e9rez-vous des maux !\",\"publisher\":{\"@id\":\"https:\\\/\\\/angeliqueolaizola.com\\\/#organization\"},\"potentialAction\":[{\"@type\":\"SearchAction\",\"target\":{\"@type\":\"EntryPoint\",\"urlTemplate\":\"https:\\\/\\\/angeliqueolaizola.com\\\/?s={search_term_string}\"},\"query-input\":{\"@type\":\"PropertyValueSpecification\",\"valueRequired\":true,\"valueName\":\"search_term_string\"}}],\"inLanguage\":\"fr-FR\"},{\"@type\":\"Organization\",\"@id\":\"https:\\\/\\\/angeliqueolaizola.com\\\/#organization\",\"name\":\"Pranath\u00e9rapie\",\"url\":\"https:\\\/\\\/angeliqueolaizola.com\\\/\",\"logo\":{\"@type\":\"ImageObject\",\"inLanguage\":\"fr-FR\",\"@id\":\"https:\\\/\\\/angeliqueolaizola.com\\\/#\\\/schema\\\/logo\\\/image\\\/\",\"url\":\"https:\\\/\\\/angeliqueolaizola.com\\\/wp-content\\\/uploads\\\/2024\\\/03\\\/cropped-cropped-Oiseau-logo-1-1.jpg\",\"contentUrl\":\"https:\\\/\\\/angeliqueolaizola.com\\\/wp-content\\\/uploads\\\/2024\\\/03\\\/cropped-cropped-Oiseau-logo-1-1.jpg\",\"width\":1996,\"height\":1708,\"caption\":\"Pranath\u00e9rapie\"},\"image\":{\"@id\":\"https:\\\/\\\/angeliqueolaizola.com\\\/#\\\/schema\\\/logo\\\/image\\\/\"}}]}<\/script>\n<!-- \/ Yoast SEO plugin. -->","yoast_head_json":{"title":"Accueil &#8211; Pranath\u00e9rapie","robots":{"index":"index","follow":"follow","max-snippet":"max-snippet:-1","max-image-preview":"max-image-preview:large","max-video-preview":"max-video-preview:-1"},"canonical":"https:\/\/angeliqueolaizola.com\/","og_locale":"fr_FR","og_type":"article","og_title":"Accueil &#8211; Pranath\u00e9rapie","og_description":"Pranath\u00e9rapie (s\u00e9ance \u00e9nerg\u00e9tique) Pranic Healing\u00ae Renforce les d\u00e9fenses naturelles du corps combattant ainsi ses faiblesses et appliqu\u00e9e r\u00e9guli\u00e8rement, elle peut-\u00eatre une m\u00e9thode globale de pr\u00e9vention ou de maintien du bien-\u00eatre au quotidien. R\u00e9\u00e9quilibre au niveau physique, \u00e9motionnel et mental &#8211; allergies, br\u00fblures &#8230; Abandon, choc ou stress suite \u00e0 un accident, col\u00e8re, culpabilit\u00e9, d\u00e9go\u00fbt, d\u00e9sespoir, [&hellip;]","og_url":"https:\/\/angeliqueolaizola.com\/","og_site_name":"Pranath\u00e9rapie","article_modified_time":"2026-03-25T10:51:49+00:00","og_image":[{"width":1748,"height":1240,"url":"https:\/\/angeliqueolaizola.com\/wp-content\/uploads\/2024\/12\/Bon-cadeau-jpeg.jpg","type":"image\/jpeg"}],"twitter_card":"summary_large_image","twitter_misc":{"Dur\u00e9e de lecture estim\u00e9e":"3 minutes"},"schema":{"@context":"https:\/\/schema.org","@graph":[{"@type":"WebPage","@id":"https:\/\/angeliqueolaizola.com\/","url":"https:\/\/angeliqueolaizola.com\/","name":"Accueil &#8211; Pranath\u00e9rapie","isPartOf":{"@id":"https:\/\/angeliqueolaizola.com\/#website"},"primaryImageOfPage":{"@id":"https:\/\/angeliqueolaizola.com\/#primaryimage"},"image":{"@id":"https:\/\/angeliqueolaizola.com\/#primaryimage"},"thumbnailUrl":"http:\/\/angeliqueolaizola.com\/wp-content\/uploads\/2024\/12\/Bon-cadeau-jpeg-1024x726.jpg","datePublished":"2024-03-15T17:03:46+00:00","dateModified":"2026-03-25T10:51:49+00:00","breadcrumb":{"@id":"https:\/\/angeliqueolaizola.com\/#breadcrumb"},"inLanguage":"fr-FR","potentialAction":[{"@type":"ReadAction","target":["https:\/\/angeliqueolaizola.com\/"]}]},{"@type":"ImageObject","inLanguage":"fr-FR","@id":"https:\/\/angeliqueolaizola.com\/#primaryimage","url":"https:\/\/angeliqueolaizola.com\/wp-content\/uploads\/2024\/12\/Bon-cadeau-jpeg.jpg","contentUrl":"https:\/\/angeliqueolaizola.com\/wp-content\/uploads\/2024\/12\/Bon-cadeau-jpeg.jpg","width":1748,"height":1240},{"@type":"BreadcrumbList","@id":"https:\/\/angeliqueolaizola.com\/#breadcrumb","itemListElement":[{"@type":"ListItem","position":1,"name":"Accueil","item":"https:\/\/angeliqueolaizola.com\/"},{"@type":"ListItem","position":2,"name":"Accueil"}]},{"@type":"WebSite","@id":"https:\/\/angeliqueolaizola.com\/#website","url":"https:\/\/angeliqueolaizola.com\/","name":"Pranath\u00e9rapie","description":"Lib\u00e9rez-vous des maux !","publisher":{"@id":"https:\/\/angeliqueolaizola.com\/#organization"},"potentialAction":[{"@type":"SearchAction","target":{"@type":"EntryPoint","urlTemplate":"https:\/\/angeliqueolaizola.com\/?s={search_term_string}"},"query-input":{"@type":"PropertyValueSpecification","valueRequired":true,"valueName":"search_term_string"}}],"inLanguage":"fr-FR"},{"@type":"Organization","@id":"https:\/\/angeliqueolaizola.com\/#organization","name":"Pranath\u00e9rapie","url":"https:\/\/angeliqueolaizola.com\/","logo":{"@type":"ImageObject","inLanguage":"fr-FR","@id":"https:\/\/angeliqueolaizola.com\/#\/schema\/logo\/image\/","url":"https:\/\/angeliqueolaizola.com\/wp-content\/uploads\/2024\/03\/cropped-cropped-Oiseau-logo-1-1.jpg","contentUrl":"https:\/\/angeliqueolaizola.com\/wp-content\/uploads\/2024\/03\/cropped-cropped-Oiseau-logo-1-1.jpg","width":1996,"height":1708,"caption":"Pranath\u00e9rapie"},"image":{"@id":"https:\/\/angeliqueolaizola.com\/#\/schema\/logo\/image\/"}}]}},"_links":{"self":[{"href":"https:\/\/angeliqueolaizola.com\/index.php\/wp-json\/wp\/v2\/pages\/16","targetHints":{"allow":["GET"]}}],"collection":[{"href":"https:\/\/angeliqueolaizola.com\/index.php\/wp-json\/wp\/v2\/pages"}],"about":[{"href":"https:\/\/angeliqueolaizola.com\/index.php\/wp-json\/wp\/v2\/types\/page"}],"author":[{"embeddable":true,"href":"https:\/\/angeliqueolaizola.com\/index.php\/wp-json\/wp\/v2\/users\/1"}],"replies":[{"embeddable":true,"href":"https:\/\/angeliqueolaizola.com\/index.php\/wp-json\/wp\/v2\/comments?post=16"}],"version-history":[{"count":283,"href":"https:\/\/angeliqueolaizola.com\/index.php\/wp-json\/wp\/v2\/pages\/16\/revisions"}],"predecessor-version":[{"id":1029,"href":"https:\/\/angeliqueolaizola.com\/index.php\/wp-json\/wp\/v2\/pages\/16\/revisions\/1029"}],"wp:attachment":[{"href":"https:\/\/angeliqueolaizola.com\/index.php\/wp-json\/wp\/v2\/media?parent=16"}],"curies":[{"name":"wp","href":"https:\/\/api.w.org\/{rel}","templated":true}]}}