{"id":205,"date":"2024-03-18T16:23:09","date_gmt":"2024-03-18T15:23:09","guid":{"rendered":"https:\/\/angeliqueolaizola.com\/?page_id=205"},"modified":"2025-02-11T19:25:21","modified_gmt":"2025-02-11T18:25:21","slug":"liens-amis","status":"publish","type":"page","link":"https:\/\/angeliqueolaizola.com\/index.php\/liens-amis\/","title":{"rendered":"Liens amis"},"content":{"rendered":"\t\t<div data-elementor-type=\"wp-page\" data-elementor-id=\"205\" class=\"elementor elementor-205\">\n\t\t\t\t<div class=\"elementor-element elementor-element-7da88c9 e-flex e-con-boxed e-con e-parent\" data-id=\"7da88c9\" data-element_type=\"container\" data-e-type=\"container\">\n\t\t\t\t\t<div class=\"e-con-inner\">\n\t\t\t\t<div class=\"elementor-element elementor-element-7f47387 elementor-widget elementor-widget-heading\" data-id=\"7f47387\" data-element_type=\"widget\" data-e-type=\"widget\" data-widget_type=\"heading.default\">\n\t\t\t\t<div class=\"elementor-widget-container\">\n\t\t\t\t\t<h2 class=\"elementor-heading-title elementor-size-default\">Yoga<\/h2>\t\t\t\t<\/div>\n\t\t\t\t<\/div>\n\t\t\t\t\t<\/div>\n\t\t\t\t<\/div>\n\t\t<div class=\"elementor-element elementor-element-e83058f e-con-full e-flex e-con e-parent\" data-id=\"e83058f\" data-element_type=\"container\" data-e-type=\"container\">\n\t\t\t\t<div class=\"elementor-element elementor-element-8ac2460 elementor-widget__width-initial elementor-widget elementor-widget-image\" data-id=\"8ac2460\" data-element_type=\"widget\" data-e-type=\"widget\" data-widget_type=\"image.default\">\n\t\t\t\t<div class=\"elementor-widget-container\">\n\t\t\t\t\t\t\t\t\t\t\t\t\t\t\t<img fetchpriority=\"high\" decoding=\"async\" width=\"640\" height=\"640\" src=\"https:\/\/angeliqueolaizola.com\/wp-content\/uploads\/2024\/10\/Yoga-1.webp\" class=\"attachment-large size-large wp-image-426\" alt=\"\" srcset=\"https:\/\/angeliqueolaizola.com\/wp-content\/uploads\/2024\/10\/Yoga-1.webp 640w, https:\/\/angeliqueolaizola.com\/wp-content\/uploads\/2024\/10\/Yoga-1-300x300.webp 300w, https:\/\/angeliqueolaizola.com\/wp-content\/uploads\/2024\/10\/Yoga-1-150x150.webp 150w, https:\/\/angeliqueolaizola.com\/wp-content\/uploads\/2024\/10\/Yoga-1-600x600.webp 600w\" sizes=\"(max-width: 640px) 100vw, 640px\" \/>\t\t\t\t\t\t\t\t\t\t\t\t\t\t\t<\/div>\n\t\t\t\t<\/div>\n\t\t\t\t<\/div>\n\t\t<div class=\"elementor-element elementor-element-d0c8708 e-flex e-con-boxed e-con e-parent\" data-id=\"d0c8708\" data-element_type=\"container\" data-e-type=\"container\">\n\t\t\t\t\t<div class=\"e-con-inner\">\n\t\t\t\t<div class=\"elementor-element elementor-element-c466c59 elementor-widget elementor-widget-text-editor\" data-id=\"c466c59\" data-element_type=\"widget\" data-e-type=\"widget\" data-widget_type=\"text-editor.default\">\n\t\t\t\t<div class=\"elementor-widget-container\">\n\t\t\t\t\t\t\t\t\t<p>Le yoga offre de nombreux bienfaits, tant sur le plan physique que mental.<br \/>Fabienne peut vous guider \u00e0 travers des postures qui am\u00e9liorent la flexibilit\u00e9, la force et la relaxation.<br \/>Que vous soyez d\u00e9butant ou pratiquant avanc\u00e9, elle saura adapter les s\u00e9ances \u00e0 vos besoins et surtout dans la bonne humeur.<br \/>N&rsquo;h\u00e9sitez pas \u00e0 lui poser des questions ou \u00e0 lui faire part de vos objectifs pour tirer le meilleur parti de votre pratique.<br \/>Profitez bien de votre exp\u00e9rience<\/p><h2>\u00a0 \u00a0 \u00a0 \u00a0 \u00a0 \u00a0 \u00a0 \u00a0 \u00a0 \u00a0 \u00a0 \u00a0 \u00a0 \u00a0 \u00a0 \u00a0 \u00a0 \u00a0 \u00a0 \u00a0 \u00a0 \u00a0 \u00a0 \u00a0 \u00a0 \u00a0 \u00a0 \u00a0 \u00a0 \u00a0 \u00a0\u00a0 \u00a0 <a href=\"https:\/\/www.uni-versbym.fr\/\" target=\"_blank\" rel=\"noopener\">uni-versbym<\/a><\/h2>\t\t\t\t\t\t\t\t<\/div>\n\t\t\t\t<\/div>\n\t\t\t\t\t<\/div>\n\t\t\t\t<\/div>\n\t\t<div class=\"elementor-element elementor-element-859d6cb e-flex e-con-boxed e-con e-parent\" data-id=\"859d6cb\" data-element_type=\"container\" data-e-type=\"container\">\n\t\t\t\t\t<div class=\"e-con-inner\">\n\t\t\t\t<div class=\"elementor-element elementor-element-dde3fd3 elementor-widget elementor-widget-image-gallery\" data-id=\"dde3fd3\" data-element_type=\"widget\" data-e-type=\"widget\" data-widget_type=\"image-gallery.default\">\n\t\t\t\t<div class=\"elementor-widget-container\">\n\t\t\t\t\t\t\t<div class=\"elementor-image-gallery\">\n\t\t\t<div id='gallery-1' class='gallery galleryid-205 gallery-columns-3 gallery-size-thumbnail'><figure class='gallery-item'>\n\t\t\t<div class='gallery-icon landscape'>\n\t\t\t\t<a data-elementor-open-lightbox=\"yes\" data-elementor-lightbox-slideshow=\"dde3fd3\" data-elementor-lightbox-title=\"Yoga 2\" data-e-action-hash=\"#elementor-action%3Aaction%3Dlightbox%26settings%3DeyJpZCI6NDI3LCJ1cmwiOiJodHRwczpcL1wvYW5nZWxpcXVlb2xhaXpvbGEuY29tXC93cC1jb250ZW50XC91cGxvYWRzXC8yMDI0XC8xMFwvWW9nYS0yLndlYnAiLCJzbGlkZXNob3ciOiJkZGUzZmQzIn0%3D\" href='https:\/\/angeliqueolaizola.com\/wp-content\/uploads\/2024\/10\/Yoga-2.webp'><img decoding=\"async\" width=\"150\" height=\"150\" src=\"https:\/\/angeliqueolaizola.com\/wp-content\/uploads\/2024\/10\/Yoga-2-150x150.webp\" class=\"attachment-thumbnail size-thumbnail\" alt=\"\" srcset=\"https:\/\/angeliqueolaizola.com\/wp-content\/uploads\/2024\/10\/Yoga-2-150x150.webp 150w, https:\/\/angeliqueolaizola.com\/wp-content\/uploads\/2024\/10\/Yoga-2-300x300.webp 300w, https:\/\/angeliqueolaizola.com\/wp-content\/uploads\/2024\/10\/Yoga-2-600x600.webp 600w, https:\/\/angeliqueolaizola.com\/wp-content\/uploads\/2024\/10\/Yoga-2.webp 640w\" sizes=\"(max-width: 150px) 100vw, 150px\" \/><\/a>\n\t\t\t<\/div><\/figure><figure class='gallery-item'>\n\t\t\t<div class='gallery-icon landscape'>\n\t\t\t\t<a data-elementor-open-lightbox=\"yes\" data-elementor-lightbox-slideshow=\"dde3fd3\" data-elementor-lightbox-title=\"Yoga 4\" data-e-action-hash=\"#elementor-action%3Aaction%3Dlightbox%26settings%3DeyJpZCI6NDI5LCJ1cmwiOiJodHRwczpcL1wvYW5nZWxpcXVlb2xhaXpvbGEuY29tXC93cC1jb250ZW50XC91cGxvYWRzXC8yMDI0XC8xMFwvWW9nYS00LndlYnAiLCJzbGlkZXNob3ciOiJkZGUzZmQzIn0%3D\" href='https:\/\/angeliqueolaizola.com\/wp-content\/uploads\/2024\/10\/Yoga-4.webp'><img decoding=\"async\" width=\"150\" height=\"150\" src=\"https:\/\/angeliqueolaizola.com\/wp-content\/uploads\/2024\/10\/Yoga-4-150x150.webp\" class=\"attachment-thumbnail size-thumbnail\" alt=\"\" srcset=\"https:\/\/angeliqueolaizola.com\/wp-content\/uploads\/2024\/10\/Yoga-4-150x150.webp 150w, https:\/\/angeliqueolaizola.com\/wp-content\/uploads\/2024\/10\/Yoga-4-300x300.webp 300w, https:\/\/angeliqueolaizola.com\/wp-content\/uploads\/2024\/10\/Yoga-4-600x600.webp 600w, https:\/\/angeliqueolaizola.com\/wp-content\/uploads\/2024\/10\/Yoga-4.webp 640w\" sizes=\"(max-width: 150px) 100vw, 150px\" \/><\/a>\n\t\t\t<\/div><\/figure><figure class='gallery-item'>\n\t\t\t<div class='gallery-icon landscape'>\n\t\t\t\t<a data-elementor-open-lightbox=\"yes\" data-elementor-lightbox-slideshow=\"dde3fd3\" data-elementor-lightbox-title=\"Yoga 3\" data-e-action-hash=\"#elementor-action%3Aaction%3Dlightbox%26settings%3DeyJpZCI6NDI4LCJ1cmwiOiJodHRwczpcL1wvYW5nZWxpcXVlb2xhaXpvbGEuY29tXC93cC1jb250ZW50XC91cGxvYWRzXC8yMDI0XC8xMFwvWW9nYS0zLndlYnAiLCJzbGlkZXNob3ciOiJkZGUzZmQzIn0%3D\" href='https:\/\/angeliqueolaizola.com\/wp-content\/uploads\/2024\/10\/Yoga-3.webp'><img loading=\"lazy\" decoding=\"async\" width=\"150\" height=\"150\" src=\"https:\/\/angeliqueolaizola.com\/wp-content\/uploads\/2024\/10\/Yoga-3-150x150.webp\" class=\"attachment-thumbnail size-thumbnail\" alt=\"\" srcset=\"https:\/\/angeliqueolaizola.com\/wp-content\/uploads\/2024\/10\/Yoga-3-150x150.webp 150w, https:\/\/angeliqueolaizola.com\/wp-content\/uploads\/2024\/10\/Yoga-3-300x300.webp 300w, https:\/\/angeliqueolaizola.com\/wp-content\/uploads\/2024\/10\/Yoga-3-600x600.webp 600w, https:\/\/angeliqueolaizola.com\/wp-content\/uploads\/2024\/10\/Yoga-3.webp 640w\" sizes=\"(max-width: 150px) 100vw, 150px\" \/><\/a>\n\t\t\t<\/div><\/figure>\n\t\t<\/div>\n\t\t<\/div>\n\t\t\t\t\t\t<\/div>\n\t\t\t\t<\/div>\n\t\t\t\t\t<\/div>\n\t\t\t\t<\/div>\n\t\t<div class=\"elementor-element elementor-element-9a3abb1 e-flex e-con-boxed e-con e-parent\" data-id=\"9a3abb1\" data-element_type=\"container\" data-e-type=\"container\">\n\t\t\t\t\t<div class=\"e-con-inner\">\n\t\t\t\t<div class=\"elementor-element elementor-element-37bf730 elementor-widget-divider--separator-type-pattern elementor-widget-divider--view-line elementor-widget elementor-widget-divider\" data-id=\"37bf730\" data-element_type=\"widget\" data-e-type=\"widget\" data-widget_type=\"divider.default\">\n\t\t\t\t<div class=\"elementor-widget-container\">\n\t\t\t\t\t\t\t<div class=\"elementor-divider\" style=\"--divider-pattern-url: url(&quot;data:image\/svg+xml,%3Csvg xmlns=&#039;http:\/\/www.w3.org\/2000\/svg&#039; preserveAspectRatio=&#039;none&#039; overflow=&#039;visible&#039; height=&#039;100%&#039; viewBox=&#039;0 0 24 24&#039; fill=&#039;none&#039; stroke=&#039;black&#039; stroke-width=&#039;1&#039; stroke-linecap=&#039;square&#039; stroke-miterlimit=&#039;10&#039;%3E%3Cpath d=&#039;M0,6c6,0,0.9,11.1,6.9,11.1S18,6,24,6&#039;\/%3E%3C\/svg%3E&quot;);\">\n\t\t\t<span class=\"elementor-divider-separator\">\n\t\t\t\t\t\t<\/span>\n\t\t<\/div>\n\t\t\t\t\t\t<\/div>\n\t\t\t\t<\/div>\n\t\t\t\t\t<\/div>\n\t\t\t\t<\/div>\n\t\t<div class=\"elementor-element elementor-element-47f8d71 e-flex e-con-boxed e-con e-parent\" data-id=\"47f8d71\" data-element_type=\"container\" data-e-type=\"container\">\n\t\t\t\t\t<div class=\"e-con-inner\">\n\t\t\t\t<div class=\"elementor-element elementor-element-012ddb6 elementor-widget elementor-widget-heading\" data-id=\"012ddb6\" data-element_type=\"widget\" data-e-type=\"widget\" data-widget_type=\"heading.default\">\n\t\t\t\t<div class=\"elementor-widget-container\">\n\t\t\t\t\t<h2 class=\"elementor-heading-title elementor-size-default\">Communication animal<\/h2>\t\t\t\t<\/div>\n\t\t\t\t<\/div>\n\t\t\t\t\t<\/div>\n\t\t\t\t<\/div>\n\t\t<div class=\"elementor-element elementor-element-de49e66 e-con-full e-flex e-con e-parent\" data-id=\"de49e66\" data-element_type=\"container\" data-e-type=\"container\">\n\t\t\t\t<div class=\"elementor-element elementor-element-8db2fe5 elementor-widget elementor-widget-image\" data-id=\"8db2fe5\" data-element_type=\"widget\" data-e-type=\"widget\" data-widget_type=\"image.default\">\n\t\t\t\t<div class=\"elementor-widget-container\">\n\t\t\t\t\t\t\t\t\t\t\t\t\t\t\t<img loading=\"lazy\" decoding=\"async\" width=\"150\" height=\"150\" src=\"https:\/\/angeliqueolaizola.com\/wp-content\/uploads\/2024\/11\/OIG2-150x150.jpg\" class=\"attachment-thumbnail size-thumbnail wp-image-511\" alt=\"\" srcset=\"https:\/\/angeliqueolaizola.com\/wp-content\/uploads\/2024\/11\/OIG2-150x150.jpg 150w, https:\/\/angeliqueolaizola.com\/wp-content\/uploads\/2024\/11\/OIG2.jpg 270w\" sizes=\"(max-width: 150px) 100vw, 150px\" \/>\t\t\t\t\t\t\t\t\t\t\t\t\t\t\t<\/div>\n\t\t\t\t<\/div>\n\t\t\t\t<\/div>\n\t\t<div class=\"elementor-element elementor-element-9f6fa91 e-flex e-con-boxed e-con e-parent\" data-id=\"9f6fa91\" data-element_type=\"container\" data-e-type=\"container\">\n\t\t\t\t\t<div class=\"e-con-inner\">\n\t\t\t\t<div class=\"elementor-element elementor-element-6f9ae05 elementor-widget elementor-widget-text-editor\" data-id=\"6f9ae05\" data-element_type=\"widget\" data-e-type=\"widget\" data-widget_type=\"text-editor.default\">\n\t\t\t\t<div class=\"elementor-widget-container\">\n\t\t\t\t\t\t\t\t\t<div dir=\"auto\" data-olk-copy-source=\"MessageBody\">Lucie-Anne, communicatrice animale, vous offre l&rsquo;opportunit\u00e9 d&rsquo;approfondir le lien unique que vous partagez avec votre compagnon.<\/div><div dir=\"auto\" data-olk-copy-source=\"MessageBody\">\u00c0 travers ses communications, elle r\u00e9v\u00e8le avec douceur et sensibilit\u00e9 la mission que nos animaux se sont charg\u00e9 d&rsquo;accomplir \u00e0 nos c\u00f4t\u00e9s.<\/div><div dir=\"auto\" data-olk-copy-source=\"MessageBody\">\u00a0<\/div><div dir=\"auto\" data-olk-copy-source=\"MessageBody\">Chaque \u00e9change d\u00e9voile leur sagesse touchante et leur amour inconditionnel, permettant de renforcer le bien-\u00eatre de l&rsquo;animal autant que celui de son ou ses humains.<\/div><div dir=\"auto\" data-olk-copy-source=\"MessageBody\">La communication animale offre \u00e0 votre compagnon l\u2019espace d\u2019\u00eatre pleinement entendu, favorisant ainsi une \u00e9volution mutuelle vers une harmonie et une compr\u00e9hension croissantes.<\/div><div dir=\"auto\">\u00a0<\/div><div dir=\"auto\">Vous pourrez explorer ensemble les raisons derri\u00e8re certains comportements inadapt\u00e9s ou changeants et trouver des pistes pour retrouver l&rsquo;\u00e9quilibre.<\/div><div dir=\"auto\">C&rsquo;est aussi l&rsquo;occasion de pr\u00e9parer votre compagnon \u00e0 un changement \u00e0 venir (d\u00e9m\u00e9nagement, arriv\u00e9e d\u2019un autre animal ou d\u2019un b\u00e9b\u00e9) avec plus de s\u00e9r\u00e9nit\u00e9 ou de connaitre ses avis sur des sujets importants tels que la comp\u00e9tition, la castration, une op\u00e9ration ou la fin de vie.<\/div><div dir=\"auto\">\u00a0<\/div><h2 dir=\"auto\">\u00a0\u00a0\u00a0\u00a0\u00a0\u00a0\u00a0\u00a0\u00a0\u00a0\u00a0\u00a0\u00a0\u00a0\u00a0\u00a0\u00a0\u00a0\u00a0\u00a0\u00a0\u00a0\u00a0\u00a0\u00a0\u00a0\u00a0\u00a0\u00a0\u00a0\u00a0\u00a0\u00a0\u00a0\u00a0\u00a0\u00a0\u00a0\u00a0\u00a0\u00a0\u00a0\u00a0\u00a0\u00a0\u00a0\u00a0\u00a0\u00a0\u00a0\u00a0\u00a0\u00a0\u00a0\u00a0\u00a0<strong> <a href=\"https:\/\/www.univers-floraison.fr\/\" target=\"_blank\" rel=\"noopener\">https:\/\/www.univers-floraison.fr\/<\/a><\/strong><\/h2>\t\t\t\t\t\t\t\t<\/div>\n\t\t\t\t<\/div>\n\t\t\t\t\t<\/div>\n\t\t\t\t<\/div>\n\t\t\t\t<\/div>\n\t\t","protected":false},"excerpt":{"rendered":"<p>Yoga Le yoga offre de nombreux bienfaits, tant sur le plan physique que mental.Fabienne peut vous guider \u00e0 travers des postures qui am\u00e9liorent la flexibilit\u00e9, la force et la relaxation.Que vous soyez d\u00e9butant ou pratiquant avanc\u00e9, elle saura adapter les s\u00e9ances \u00e0 vos besoins et surtout dans la bonne humeur.N&rsquo;h\u00e9sitez pas \u00e0 lui poser des [&hellip;]<\/p>\n","protected":false},"author":1,"featured_media":0,"parent":0,"menu_order":0,"comment_status":"closed","ping_status":"closed","template":"","meta":{"ocean_post_layout":"","ocean_both_sidebars_style":"","ocean_both_sidebars_content_width":0,"ocean_both_sidebars_sidebars_width":0,"ocean_sidebar":"","ocean_second_sidebar":"","ocean_disable_margins":"enable","ocean_add_body_class":"","ocean_shortcode_before_top_bar":"","ocean_shortcode_after_top_bar":"","ocean_shortcode_before_header":"","ocean_shortcode_after_header":"","ocean_has_shortcode":"","ocean_shortcode_after_title":"","ocean_shortcode_before_footer_widgets":"","ocean_shortcode_after_footer_widgets":"","ocean_shortcode_before_footer_bottom":"","ocean_shortcode_after_footer_bottom":"","ocean_display_top_bar":"default","ocean_display_header":"default","ocean_header_style":"","ocean_center_header_left_menu":"","ocean_custom_header_template":"","ocean_custom_logo":0,"ocean_custom_retina_logo":0,"ocean_custom_logo_max_width":0,"ocean_custom_logo_tablet_max_width":0,"ocean_custom_logo_mobile_max_width":0,"ocean_custom_logo_max_height":0,"ocean_custom_logo_tablet_max_height":0,"ocean_custom_logo_mobile_max_height":0,"ocean_header_custom_menu":"","ocean_menu_typo_font_family":"","ocean_menu_typo_font_subset":"","ocean_menu_typo_font_size":0,"ocean_menu_typo_font_size_tablet":0,"ocean_menu_typo_font_size_mobile":0,"ocean_menu_typo_font_size_unit":"px","ocean_menu_typo_font_weight":"","ocean_menu_typo_font_weight_tablet":"","ocean_menu_typo_font_weight_mobile":"","ocean_menu_typo_transform":"","ocean_menu_typo_transform_tablet":"","ocean_menu_typo_transform_mobile":"","ocean_menu_typo_line_height":0,"ocean_menu_typo_line_height_tablet":0,"ocean_menu_typo_line_height_mobile":0,"ocean_menu_typo_line_height_unit":"","ocean_menu_typo_spacing":0,"ocean_menu_typo_spacing_tablet":0,"ocean_menu_typo_spacing_mobile":0,"ocean_menu_typo_spacing_unit":"","ocean_menu_link_color":"","ocean_menu_link_color_hover":"","ocean_menu_link_color_active":"","ocean_menu_link_background":"","ocean_menu_link_hover_background":"","ocean_menu_link_active_background":"","ocean_menu_social_links_bg":"","ocean_menu_social_hover_links_bg":"","ocean_menu_social_links_color":"","ocean_menu_social_hover_links_color":"","ocean_disable_title":"default","ocean_disable_heading":"default","ocean_post_title":"","ocean_post_subheading":"","ocean_post_title_style":"","ocean_post_title_background_color":"","ocean_post_title_background":0,"ocean_post_title_bg_image_position":"","ocean_post_title_bg_image_attachment":"","ocean_post_title_bg_image_repeat":"","ocean_post_title_bg_image_size":"","ocean_post_title_height":0,"ocean_post_title_bg_overlay":0.5,"ocean_post_title_bg_overlay_color":"","ocean_disable_breadcrumbs":"default","ocean_breadcrumbs_color":"","ocean_breadcrumbs_separator_color":"","ocean_breadcrumbs_links_color":"","ocean_breadcrumbs_links_hover_color":"","ocean_display_footer_widgets":"default","ocean_display_footer_bottom":"default","ocean_custom_footer_template":"","footnotes":""},"class_list":["post-205","page","type-page","status-publish","hentry","entry"],"yoast_head":"<!-- This site is optimized with the Yoast SEO plugin v27.4 - https:\/\/yoast.com\/product\/yoast-seo-wordpress\/ -->\n<title>Liens amis &#8211; Pranath\u00e9rapie<\/title>\n<meta name=\"robots\" content=\"index, follow, max-snippet:-1, max-image-preview:large, max-video-preview:-1\" \/>\n<link rel=\"canonical\" href=\"https:\/\/angeliqueolaizola.com\/index.php\/liens-amis\/\" \/>\n<meta property=\"og:locale\" content=\"fr_FR\" \/>\n<meta property=\"og:type\" content=\"article\" \/>\n<meta property=\"og:title\" content=\"Liens amis &#8211; Pranath\u00e9rapie\" \/>\n<meta property=\"og:description\" content=\"Yoga Le yoga offre de nombreux bienfaits, tant sur le plan physique que mental.Fabienne peut vous guider \u00e0 travers des postures qui am\u00e9liorent la flexibilit\u00e9, la force et la relaxation.Que vous soyez d\u00e9butant ou pratiquant avanc\u00e9, elle saura adapter les s\u00e9ances \u00e0 vos besoins et surtout dans la bonne humeur.N&rsquo;h\u00e9sitez pas \u00e0 lui poser des [&hellip;]\" \/>\n<meta property=\"og:url\" content=\"https:\/\/angeliqueolaizola.com\/index.php\/liens-amis\/\" \/>\n<meta property=\"og:site_name\" content=\"Pranath\u00e9rapie\" \/>\n<meta property=\"article:modified_time\" content=\"2025-02-11T18:25:21+00:00\" \/>\n<meta property=\"og:image\" content=\"https:\/\/angeliqueolaizola.com\/wp-content\/uploads\/2024\/10\/Yoga-1.webp\" \/>\n\t<meta property=\"og:image:width\" content=\"640\" \/>\n\t<meta property=\"og:image:height\" content=\"640\" \/>\n\t<meta property=\"og:image:type\" content=\"image\/webp\" \/>\n<meta name=\"twitter:card\" content=\"summary_large_image\" \/>\n<meta name=\"twitter:label1\" content=\"Dur\u00e9e de lecture estim\u00e9e\" \/>\n\t<meta name=\"twitter:data1\" content=\"3 minutes\" \/>\n<script type=\"application\/ld+json\" class=\"yoast-schema-graph\">{\"@context\":\"https:\\\/\\\/schema.org\",\"@graph\":[{\"@type\":\"WebPage\",\"@id\":\"https:\\\/\\\/angeliqueolaizola.com\\\/index.php\\\/liens-amis\\\/\",\"url\":\"https:\\\/\\\/angeliqueolaizola.com\\\/index.php\\\/liens-amis\\\/\",\"name\":\"Liens amis &#8211; Pranath\u00e9rapie\",\"isPartOf\":{\"@id\":\"https:\\\/\\\/angeliqueolaizola.com\\\/#website\"},\"primaryImageOfPage\":{\"@id\":\"https:\\\/\\\/angeliqueolaizola.com\\\/index.php\\\/liens-amis\\\/#primaryimage\"},\"image\":{\"@id\":\"https:\\\/\\\/angeliqueolaizola.com\\\/index.php\\\/liens-amis\\\/#primaryimage\"},\"thumbnailUrl\":\"http:\\\/\\\/angeliqueolaizola.com\\\/wp-content\\\/uploads\\\/2024\\\/10\\\/Yoga-1.webp\",\"datePublished\":\"2024-03-18T15:23:09+00:00\",\"dateModified\":\"2025-02-11T18:25:21+00:00\",\"breadcrumb\":{\"@id\":\"https:\\\/\\\/angeliqueolaizola.com\\\/index.php\\\/liens-amis\\\/#breadcrumb\"},\"inLanguage\":\"fr-FR\",\"potentialAction\":[{\"@type\":\"ReadAction\",\"target\":[\"https:\\\/\\\/angeliqueolaizola.com\\\/index.php\\\/liens-amis\\\/\"]}]},{\"@type\":\"ImageObject\",\"inLanguage\":\"fr-FR\",\"@id\":\"https:\\\/\\\/angeliqueolaizola.com\\\/index.php\\\/liens-amis\\\/#primaryimage\",\"url\":\"https:\\\/\\\/angeliqueolaizola.com\\\/wp-content\\\/uploads\\\/2024\\\/10\\\/Yoga-1.webp\",\"contentUrl\":\"https:\\\/\\\/angeliqueolaizola.com\\\/wp-content\\\/uploads\\\/2024\\\/10\\\/Yoga-1.webp\",\"width\":640,\"height\":640},{\"@type\":\"BreadcrumbList\",\"@id\":\"https:\\\/\\\/angeliqueolaizola.com\\\/index.php\\\/liens-amis\\\/#breadcrumb\",\"itemListElement\":[{\"@type\":\"ListItem\",\"position\":1,\"name\":\"Accueil\",\"item\":\"https:\\\/\\\/angeliqueolaizola.com\\\/\"},{\"@type\":\"ListItem\",\"position\":2,\"name\":\"Liens amis\"}]},{\"@type\":\"WebSite\",\"@id\":\"https:\\\/\\\/angeliqueolaizola.com\\\/#website\",\"url\":\"https:\\\/\\\/angeliqueolaizola.com\\\/\",\"name\":\"Pranath\u00e9rapie\",\"description\":\"Lib\u00e9rez-vous des maux !\",\"publisher\":{\"@id\":\"https:\\\/\\\/angeliqueolaizola.com\\\/#organization\"},\"potentialAction\":[{\"@type\":\"SearchAction\",\"target\":{\"@type\":\"EntryPoint\",\"urlTemplate\":\"https:\\\/\\\/angeliqueolaizola.com\\\/?s={search_term_string}\"},\"query-input\":{\"@type\":\"PropertyValueSpecification\",\"valueRequired\":true,\"valueName\":\"search_term_string\"}}],\"inLanguage\":\"fr-FR\"},{\"@type\":\"Organization\",\"@id\":\"https:\\\/\\\/angeliqueolaizola.com\\\/#organization\",\"name\":\"Pranath\u00e9rapie\",\"url\":\"https:\\\/\\\/angeliqueolaizola.com\\\/\",\"logo\":{\"@type\":\"ImageObject\",\"inLanguage\":\"fr-FR\",\"@id\":\"https:\\\/\\\/angeliqueolaizola.com\\\/#\\\/schema\\\/logo\\\/image\\\/\",\"url\":\"https:\\\/\\\/angeliqueolaizola.com\\\/wp-content\\\/uploads\\\/2024\\\/03\\\/cropped-cropped-Oiseau-logo-1-1.jpg\",\"contentUrl\":\"https:\\\/\\\/angeliqueolaizola.com\\\/wp-content\\\/uploads\\\/2024\\\/03\\\/cropped-cropped-Oiseau-logo-1-1.jpg\",\"width\":1996,\"height\":1708,\"caption\":\"Pranath\u00e9rapie\"},\"image\":{\"@id\":\"https:\\\/\\\/angeliqueolaizola.com\\\/#\\\/schema\\\/logo\\\/image\\\/\"}}]}<\/script>\n<!-- \/ Yoast SEO plugin. -->","yoast_head_json":{"title":"Liens amis &#8211; Pranath\u00e9rapie","robots":{"index":"index","follow":"follow","max-snippet":"max-snippet:-1","max-image-preview":"max-image-preview:large","max-video-preview":"max-video-preview:-1"},"canonical":"https:\/\/angeliqueolaizola.com\/index.php\/liens-amis\/","og_locale":"fr_FR","og_type":"article","og_title":"Liens amis &#8211; Pranath\u00e9rapie","og_description":"Yoga Le yoga offre de nombreux bienfaits, tant sur le plan physique que mental.Fabienne peut vous guider \u00e0 travers des postures qui am\u00e9liorent la flexibilit\u00e9, la force et la relaxation.Que vous soyez d\u00e9butant ou pratiquant avanc\u00e9, elle saura adapter les s\u00e9ances \u00e0 vos besoins et surtout dans la bonne humeur.N&rsquo;h\u00e9sitez pas \u00e0 lui poser des [&hellip;]","og_url":"https:\/\/angeliqueolaizola.com\/index.php\/liens-amis\/","og_site_name":"Pranath\u00e9rapie","article_modified_time":"2025-02-11T18:25:21+00:00","og_image":[{"width":640,"height":640,"url":"https:\/\/angeliqueolaizola.com\/wp-content\/uploads\/2024\/10\/Yoga-1.webp","type":"image\/webp"}],"twitter_card":"summary_large_image","twitter_misc":{"Dur\u00e9e de lecture estim\u00e9e":"3 minutes"},"schema":{"@context":"https:\/\/schema.org","@graph":[{"@type":"WebPage","@id":"https:\/\/angeliqueolaizola.com\/index.php\/liens-amis\/","url":"https:\/\/angeliqueolaizola.com\/index.php\/liens-amis\/","name":"Liens amis &#8211; Pranath\u00e9rapie","isPartOf":{"@id":"https:\/\/angeliqueolaizola.com\/#website"},"primaryImageOfPage":{"@id":"https:\/\/angeliqueolaizola.com\/index.php\/liens-amis\/#primaryimage"},"image":{"@id":"https:\/\/angeliqueolaizola.com\/index.php\/liens-amis\/#primaryimage"},"thumbnailUrl":"http:\/\/angeliqueolaizola.com\/wp-content\/uploads\/2024\/10\/Yoga-1.webp","datePublished":"2024-03-18T15:23:09+00:00","dateModified":"2025-02-11T18:25:21+00:00","breadcrumb":{"@id":"https:\/\/angeliqueolaizola.com\/index.php\/liens-amis\/#breadcrumb"},"inLanguage":"fr-FR","potentialAction":[{"@type":"ReadAction","target":["https:\/\/angeliqueolaizola.com\/index.php\/liens-amis\/"]}]},{"@type":"ImageObject","inLanguage":"fr-FR","@id":"https:\/\/angeliqueolaizola.com\/index.php\/liens-amis\/#primaryimage","url":"https:\/\/angeliqueolaizola.com\/wp-content\/uploads\/2024\/10\/Yoga-1.webp","contentUrl":"https:\/\/angeliqueolaizola.com\/wp-content\/uploads\/2024\/10\/Yoga-1.webp","width":640,"height":640},{"@type":"BreadcrumbList","@id":"https:\/\/angeliqueolaizola.com\/index.php\/liens-amis\/#breadcrumb","itemListElement":[{"@type":"ListItem","position":1,"name":"Accueil","item":"https:\/\/angeliqueolaizola.com\/"},{"@type":"ListItem","position":2,"name":"Liens amis"}]},{"@type":"WebSite","@id":"https:\/\/angeliqueolaizola.com\/#website","url":"https:\/\/angeliqueolaizola.com\/","name":"Pranath\u00e9rapie","description":"Lib\u00e9rez-vous des maux !","publisher":{"@id":"https:\/\/angeliqueolaizola.com\/#organization"},"potentialAction":[{"@type":"SearchAction","target":{"@type":"EntryPoint","urlTemplate":"https:\/\/angeliqueolaizola.com\/?s={search_term_string}"},"query-input":{"@type":"PropertyValueSpecification","valueRequired":true,"valueName":"search_term_string"}}],"inLanguage":"fr-FR"},{"@type":"Organization","@id":"https:\/\/angeliqueolaizola.com\/#organization","name":"Pranath\u00e9rapie","url":"https:\/\/angeliqueolaizola.com\/","logo":{"@type":"ImageObject","inLanguage":"fr-FR","@id":"https:\/\/angeliqueolaizola.com\/#\/schema\/logo\/image\/","url":"https:\/\/angeliqueolaizola.com\/wp-content\/uploads\/2024\/03\/cropped-cropped-Oiseau-logo-1-1.jpg","contentUrl":"https:\/\/angeliqueolaizola.com\/wp-content\/uploads\/2024\/03\/cropped-cropped-Oiseau-logo-1-1.jpg","width":1996,"height":1708,"caption":"Pranath\u00e9rapie"},"image":{"@id":"https:\/\/angeliqueolaizola.com\/#\/schema\/logo\/image\/"}}]}},"_links":{"self":[{"href":"https:\/\/angeliqueolaizola.com\/index.php\/wp-json\/wp\/v2\/pages\/205","targetHints":{"allow":["GET"]}}],"collection":[{"href":"https:\/\/angeliqueolaizola.com\/index.php\/wp-json\/wp\/v2\/pages"}],"about":[{"href":"https:\/\/angeliqueolaizola.com\/index.php\/wp-json\/wp\/v2\/types\/page"}],"author":[{"embeddable":true,"href":"https:\/\/angeliqueolaizola.com\/index.php\/wp-json\/wp\/v2\/users\/1"}],"replies":[{"embeddable":true,"href":"https:\/\/angeliqueolaizola.com\/index.php\/wp-json\/wp\/v2\/comments?post=205"}],"version-history":[{"count":94,"href":"https:\/\/angeliqueolaizola.com\/index.php\/wp-json\/wp\/v2\/pages\/205\/revisions"}],"predecessor-version":[{"id":643,"href":"https:\/\/angeliqueolaizola.com\/index.php\/wp-json\/wp\/v2\/pages\/205\/revisions\/643"}],"wp:attachment":[{"href":"https:\/\/angeliqueolaizola.com\/index.php\/wp-json\/wp\/v2\/media?parent=205"}],"curies":[{"name":"wp","href":"https:\/\/api.w.org\/{rel}","templated":true}]}}