{"id":43,"date":"2024-03-15T20:10:02","date_gmt":"2024-03-15T19:10:02","guid":{"rendered":"https:\/\/angeliqueolaizola.com\/?page_id=43"},"modified":"2025-05-24T13:34:09","modified_gmt":"2025-05-24T11:34:09","slug":"contact","status":"publish","type":"page","link":"https:\/\/angeliqueolaizola.com\/index.php\/contact\/","title":{"rendered":"Contact"},"content":{"rendered":"\t\t<div data-elementor-type=\"wp-page\" data-elementor-id=\"43\" class=\"elementor elementor-43\">\n\t\t\t\t<div class=\"elementor-element elementor-element-b9dd1e7 e-con-full e-flex e-con e-parent\" data-id=\"b9dd1e7\" data-element_type=\"container\" data-e-type=\"container\">\n\t\t\t\t<div class=\"elementor-element elementor-element-720f112 elementor-widget elementor-widget-heading\" data-id=\"720f112\" data-element_type=\"widget\" data-e-type=\"widget\" data-widget_type=\"heading.default\">\n\t\t\t\t<div class=\"elementor-widget-container\">\n\t\t\t\t\t<h1 class=\"elementor-heading-title elementor-size-default\">Ang\u00e9lique Ola\u00efzola<\/h1>\t\t\t\t<\/div>\n\t\t\t\t<\/div>\n\t\t\t\t<\/div>\n\t\t<div class=\"elementor-element elementor-element-ce96b4a e-grid e-con-boxed e-con e-parent\" data-id=\"ce96b4a\" data-element_type=\"container\" data-e-type=\"container\">\n\t\t\t\t\t<div class=\"e-con-inner\">\n\t\t\t\t<div class=\"elementor-element elementor-element-c73bea2 elementor-widget__width-initial elementor-widget elementor-widget-image\" data-id=\"c73bea2\" data-element_type=\"widget\" data-e-type=\"widget\" data-widget_type=\"image.default\">\n\t\t\t\t<div class=\"elementor-widget-container\">\n\t\t\t\t\t\t\t\t\t\t\t\t\t\t\t<img fetchpriority=\"high\" decoding=\"async\" width=\"198\" height=\"300\" src=\"https:\/\/angeliqueolaizola.com\/wp-content\/uploads\/2025\/05\/Angy-Copie-198x300.jpg\" class=\"attachment-medium size-medium wp-image-739\" alt=\"\" srcset=\"https:\/\/angeliqueolaizola.com\/wp-content\/uploads\/2025\/05\/Angy-Copie-198x300.jpg 198w, https:\/\/angeliqueolaizola.com\/wp-content\/uploads\/2025\/05\/Angy-Copie.jpg 370w\" sizes=\"(max-width: 198px) 100vw, 198px\" \/>\t\t\t\t\t\t\t\t\t\t\t\t\t\t\t<\/div>\n\t\t\t\t<\/div>\n\t\t\t\t<div class=\"elementor-element elementor-element-20734ae elementor-widget__width-auto e-transform elementor-view-default elementor-position-block-start elementor-mobile-position-block-start elementor-widget elementor-widget-icon-box\" data-id=\"20734ae\" data-element_type=\"widget\" data-e-type=\"widget\" data-settings=\"{&quot;_transform_scale_effect&quot;:{&quot;unit&quot;:&quot;px&quot;,&quot;size&quot;:&quot;&quot;,&quot;sizes&quot;:[]},&quot;_transform_scale_effect_tablet&quot;:{&quot;unit&quot;:&quot;px&quot;,&quot;size&quot;:&quot;&quot;,&quot;sizes&quot;:[]},&quot;_transform_scale_effect_mobile&quot;:{&quot;unit&quot;:&quot;px&quot;,&quot;size&quot;:&quot;&quot;,&quot;sizes&quot;:[]}}\" data-widget_type=\"icon-box.default\">\n\t\t\t\t<div class=\"elementor-widget-container\">\n\t\t\t\t\t\t\t<div class=\"elementor-icon-box-wrapper\">\n\n\t\t\t\t\t\t<div class=\"elementor-icon-box-icon\">\n\t\t\t\t<span  class=\"elementor-icon\">\n\t\t\t\t<svg aria-hidden=\"true\" class=\"e-font-icon-svg e-fas-phone-alt\" viewBox=\"0 0 512 512\" xmlns=\"http:\/\/www.w3.org\/2000\/svg\"><path d=\"M497.39 361.8l-112-48a24 24 0 0 0-28 6.9l-49.6 60.6A370.66 370.66 0 0 1 130.6 204.11l60.6-49.6a23.94 23.94 0 0 0 6.9-28l-48-112A24.16 24.16 0 0 0 122.6.61l-104 24A24 24 0 0 0 0 48c0 256.5 207.9 464 464 464a24 24 0 0 0 23.4-18.6l24-104a24.29 24.29 0 0 0-14.01-27.6z\"><\/path><\/svg>\t\t\t\t<\/span>\n\t\t\t<\/div>\n\t\t\t\n\t\t\t\t\t\t<div class=\"elementor-icon-box-content\">\n\n\t\t\t\t\t\t\t\t\t<h3 class=\"elementor-icon-box-title\">\n\t\t\t\t\t\t<span  >\n\t\t\t\t\t\t\t    06 98 78 25 41    \t\t\t\t\t\t<\/span>\n\t\t\t\t\t<\/h3>\n\t\t\t\t\n\t\t\t\t\t\t\t\t\t<p class=\"elementor-icon-box-description\">\n\t\t\t\t\t\tSur rendez-vous\t\t\t\t\t<\/p>\n\t\t\t\t\n\t\t\t<\/div>\n\t\t\t\n\t\t<\/div>\n\t\t\t\t\t\t<\/div>\n\t\t\t\t<\/div>\n\t\t\t\t<div class=\"elementor-element elementor-element-b82426d elementor-view-default elementor-position-block-start elementor-mobile-position-block-start elementor-widget elementor-widget-icon-box\" data-id=\"b82426d\" data-element_type=\"widget\" data-e-type=\"widget\" data-widget_type=\"icon-box.default\">\n\t\t\t\t<div class=\"elementor-widget-container\">\n\t\t\t\t\t\t\t<div class=\"elementor-icon-box-wrapper\">\n\n\t\t\t\t\t\t<div class=\"elementor-icon-box-icon\">\n\t\t\t\t<span  class=\"elementor-icon\">\n\t\t\t\t<svg aria-hidden=\"true\" class=\"e-font-icon-svg e-far-address-card\" viewBox=\"0 0 576 512\" xmlns=\"http:\/\/www.w3.org\/2000\/svg\"><path d=\"M528 32H48C21.5 32 0 53.5 0 80v352c0 26.5 21.5 48 48 48h480c26.5 0 48-21.5 48-48V80c0-26.5-21.5-48-48-48zm0 400H48V80h480v352zM208 256c35.3 0 64-28.7 64-64s-28.7-64-64-64-64 28.7-64 64 28.7 64 64 64zm-89.6 128h179.2c12.4 0 22.4-8.6 22.4-19.2v-19.2c0-31.8-30.1-57.6-67.2-57.6-10.8 0-18.7 8-44.8 8-26.9 0-33.4-8-44.8-8-37.1 0-67.2 25.8-67.2 57.6v19.2c0 10.6 10 19.2 22.4 19.2zM360 320h112c4.4 0 8-3.6 8-8v-16c0-4.4-3.6-8-8-8H360c-4.4 0-8 3.6-8 8v16c0 4.4 3.6 8 8 8zm0-64h112c4.4 0 8-3.6 8-8v-16c0-4.4-3.6-8-8-8H360c-4.4 0-8 3.6-8 8v16c0 4.4 3.6 8 8 8zm0-64h112c4.4 0 8-3.6 8-8v-16c0-4.4-3.6-8-8-8H360c-4.4 0-8 3.6-8 8v16c0 4.4 3.6 8 8 8z\"><\/path><\/svg>\t\t\t\t<\/span>\n\t\t\t<\/div>\n\t\t\t\n\t\t\t\t\t\t<div class=\"elementor-icon-box-content\">\n\n\t\t\t\t\t\t\t\t\t<h3 class=\"elementor-icon-box-title\">\n\t\t\t\t\t\t<span  >\n\t\t\t\t\t\t\t2 rue du commandant Foucaud\t\t\t\t\t\t<\/span>\n\t\t\t\t\t<\/h3>\n\t\t\t\t\n\t\t\t\t\t\t\t\t\t<p class=\"elementor-icon-box-description\">\n\t\t\t\t\t\tHameau Saint Georges     \n                                                   \n39570 FREBUANS\t\t\t\t\t<\/p>\n\t\t\t\t\n\t\t\t<\/div>\n\t\t\t\n\t\t<\/div>\n\t\t\t\t\t\t<\/div>\n\t\t\t\t<\/div>\n\t\t\t\t<div class=\"elementor-element elementor-element-447bbf9 elementor-widget elementor-widget-google_maps\" data-id=\"447bbf9\" data-element_type=\"widget\" data-e-type=\"widget\" data-widget_type=\"google_maps.default\">\n\t\t\t\t<div class=\"elementor-widget-container\">\n\t\t\t\t\t\t\t<div class=\"elementor-custom-embed\">\n\t\t\t<iframe loading=\"lazy\"\n\t\t\t\t\tsrc=\"https:\/\/maps.google.com\/maps?q=2%20rue%20du%20commandant%20Foucaud%20Hameau%20Saint%20Georges%2039570%20Frebuans&#038;t=m&#038;z=10&#038;output=embed&#038;iwloc=near\"\n\t\t\t\t\ttitle=\"2 rue du commandant Foucaud Hameau Saint Georges 39570 Frebuans\"\n\t\t\t\t\taria-label=\"2 rue du commandant Foucaud Hameau Saint Georges 39570 Frebuans\"\n\t\t\t><\/iframe>\n\t\t<\/div>\n\t\t\t\t\t\t<\/div>\n\t\t\t\t<\/div>\n\t\t\t\t\t<\/div>\n\t\t\t\t<\/div>\n\t\t\t\t<\/div>\n\t\t","protected":false},"excerpt":{"rendered":"<p>Ang\u00e9lique Ola\u00efzola 06 98 78 25 41 Sur rendez-vous 2 rue du commandant Foucaud Hameau Saint Georges 39570 FREBUANS<\/p>\n","protected":false},"author":1,"featured_media":0,"parent":0,"menu_order":0,"comment_status":"closed","ping_status":"closed","template":"","meta":{"ocean_post_layout":"","ocean_both_sidebars_style":"","ocean_both_sidebars_content_width":0,"ocean_both_sidebars_sidebars_width":0,"ocean_sidebar":"","ocean_second_sidebar":"","ocean_disable_margins":"enable","ocean_add_body_class":"","ocean_shortcode_before_top_bar":"","ocean_shortcode_after_top_bar":"","ocean_shortcode_before_header":"","ocean_shortcode_after_header":"","ocean_has_shortcode":"","ocean_shortcode_after_title":"","ocean_shortcode_before_footer_widgets":"","ocean_shortcode_after_footer_widgets":"","ocean_shortcode_before_footer_bottom":"","ocean_shortcode_after_footer_bottom":"","ocean_display_top_bar":"default","ocean_display_header":"default","ocean_header_style":"","ocean_center_header_left_menu":"","ocean_custom_header_template":"","ocean_custom_logo":0,"ocean_custom_retina_logo":0,"ocean_custom_logo_max_width":0,"ocean_custom_logo_tablet_max_width":0,"ocean_custom_logo_mobile_max_width":0,"ocean_custom_logo_max_height":0,"ocean_custom_logo_tablet_max_height":0,"ocean_custom_logo_mobile_max_height":0,"ocean_header_custom_menu":"","ocean_menu_typo_font_family":"","ocean_menu_typo_font_subset":"","ocean_menu_typo_font_size":0,"ocean_menu_typo_font_size_tablet":0,"ocean_menu_typo_font_size_mobile":0,"ocean_menu_typo_font_size_unit":"px","ocean_menu_typo_font_weight":"","ocean_menu_typo_font_weight_tablet":"","ocean_menu_typo_font_weight_mobile":"","ocean_menu_typo_transform":"","ocean_menu_typo_transform_tablet":"","ocean_menu_typo_transform_mobile":"","ocean_menu_typo_line_height":0,"ocean_menu_typo_line_height_tablet":0,"ocean_menu_typo_line_height_mobile":0,"ocean_menu_typo_line_height_unit":"","ocean_menu_typo_spacing":0,"ocean_menu_typo_spacing_tablet":0,"ocean_menu_typo_spacing_mobile":0,"ocean_menu_typo_spacing_unit":"","ocean_menu_link_color":"","ocean_menu_link_color_hover":"","ocean_menu_link_color_active":"","ocean_menu_link_background":"","ocean_menu_link_hover_background":"","ocean_menu_link_active_background":"","ocean_menu_social_links_bg":"","ocean_menu_social_hover_links_bg":"","ocean_menu_social_links_color":"","ocean_menu_social_hover_links_color":"","ocean_disable_title":"default","ocean_disable_heading":"default","ocean_post_title":"","ocean_post_subheading":"","ocean_post_title_style":"","ocean_post_title_background_color":"","ocean_post_title_background":0,"ocean_post_title_bg_image_position":"","ocean_post_title_bg_image_attachment":"","ocean_post_title_bg_image_repeat":"","ocean_post_title_bg_image_size":"","ocean_post_title_height":0,"ocean_post_title_bg_overlay":0.5,"ocean_post_title_bg_overlay_color":"","ocean_disable_breadcrumbs":"default","ocean_breadcrumbs_color":"","ocean_breadcrumbs_separator_color":"","ocean_breadcrumbs_links_color":"","ocean_breadcrumbs_links_hover_color":"","ocean_display_footer_widgets":"default","ocean_display_footer_bottom":"default","ocean_custom_footer_template":"","footnotes":""},"class_list":["post-43","page","type-page","status-publish","hentry","entry"],"yoast_head":"<!-- This site is optimized with the Yoast SEO plugin v27.4 - https:\/\/yoast.com\/product\/yoast-seo-wordpress\/ -->\n<title>Contact &#8211; Pranath\u00e9rapie<\/title>\n<meta name=\"robots\" content=\"index, follow, max-snippet:-1, max-image-preview:large, max-video-preview:-1\" \/>\n<link rel=\"canonical\" href=\"https:\/\/angeliqueolaizola.com\/index.php\/contact\/\" \/>\n<meta property=\"og:locale\" content=\"fr_FR\" \/>\n<meta property=\"og:type\" content=\"article\" \/>\n<meta property=\"og:title\" content=\"Contact &#8211; Pranath\u00e9rapie\" \/>\n<meta property=\"og:description\" content=\"Ang\u00e9lique Ola\u00efzola 06 98 78 25 41 Sur rendez-vous 2 rue du commandant Foucaud Hameau Saint Georges 39570 FREBUANS\" \/>\n<meta property=\"og:url\" content=\"https:\/\/angeliqueolaizola.com\/index.php\/contact\/\" \/>\n<meta property=\"og:site_name\" content=\"Pranath\u00e9rapie\" \/>\n<meta property=\"article:modified_time\" content=\"2025-05-24T11:34:09+00:00\" \/>\n<meta property=\"og:image\" content=\"https:\/\/angeliqueolaizola.com\/wp-content\/uploads\/2025\/05\/Angy-Copie.jpg\" \/>\n\t<meta property=\"og:image:width\" content=\"370\" \/>\n\t<meta property=\"og:image:height\" content=\"560\" \/>\n\t<meta property=\"og:image:type\" content=\"image\/jpeg\" \/>\n<meta name=\"twitter:card\" content=\"summary_large_image\" \/>\n<meta name=\"twitter:label1\" content=\"Dur\u00e9e de lecture estim\u00e9e\" \/>\n\t<meta name=\"twitter:data1\" content=\"1 minute\" \/>\n<script type=\"application\/ld+json\" class=\"yoast-schema-graph\">{\"@context\":\"https:\\\/\\\/schema.org\",\"@graph\":[{\"@type\":\"WebPage\",\"@id\":\"https:\\\/\\\/angeliqueolaizola.com\\\/index.php\\\/contact\\\/\",\"url\":\"https:\\\/\\\/angeliqueolaizola.com\\\/index.php\\\/contact\\\/\",\"name\":\"Contact &#8211; Pranath\u00e9rapie\",\"isPartOf\":{\"@id\":\"https:\\\/\\\/angeliqueolaizola.com\\\/#website\"},\"primaryImageOfPage\":{\"@id\":\"https:\\\/\\\/angeliqueolaizola.com\\\/index.php\\\/contact\\\/#primaryimage\"},\"image\":{\"@id\":\"https:\\\/\\\/angeliqueolaizola.com\\\/index.php\\\/contact\\\/#primaryimage\"},\"thumbnailUrl\":\"http:\\\/\\\/angeliqueolaizola.com\\\/wp-content\\\/uploads\\\/2025\\\/05\\\/Angy-Copie-198x300.jpg\",\"datePublished\":\"2024-03-15T19:10:02+00:00\",\"dateModified\":\"2025-05-24T11:34:09+00:00\",\"breadcrumb\":{\"@id\":\"https:\\\/\\\/angeliqueolaizola.com\\\/index.php\\\/contact\\\/#breadcrumb\"},\"inLanguage\":\"fr-FR\",\"potentialAction\":[{\"@type\":\"ReadAction\",\"target\":[\"https:\\\/\\\/angeliqueolaizola.com\\\/index.php\\\/contact\\\/\"]}]},{\"@type\":\"ImageObject\",\"inLanguage\":\"fr-FR\",\"@id\":\"https:\\\/\\\/angeliqueolaizola.com\\\/index.php\\\/contact\\\/#primaryimage\",\"url\":\"https:\\\/\\\/angeliqueolaizola.com\\\/wp-content\\\/uploads\\\/2025\\\/05\\\/Angy-Copie.jpg\",\"contentUrl\":\"https:\\\/\\\/angeliqueolaizola.com\\\/wp-content\\\/uploads\\\/2025\\\/05\\\/Angy-Copie.jpg\",\"width\":370,\"height\":560},{\"@type\":\"BreadcrumbList\",\"@id\":\"https:\\\/\\\/angeliqueolaizola.com\\\/index.php\\\/contact\\\/#breadcrumb\",\"itemListElement\":[{\"@type\":\"ListItem\",\"position\":1,\"name\":\"Accueil\",\"item\":\"https:\\\/\\\/angeliqueolaizola.com\\\/\"},{\"@type\":\"ListItem\",\"position\":2,\"name\":\"Contact\"}]},{\"@type\":\"WebSite\",\"@id\":\"https:\\\/\\\/angeliqueolaizola.com\\\/#website\",\"url\":\"https:\\\/\\\/angeliqueolaizola.com\\\/\",\"name\":\"Pranath\u00e9rapie\",\"description\":\"Lib\u00e9rez-vous des maux !\",\"publisher\":{\"@id\":\"https:\\\/\\\/angeliqueolaizola.com\\\/#organization\"},\"potentialAction\":[{\"@type\":\"SearchAction\",\"target\":{\"@type\":\"EntryPoint\",\"urlTemplate\":\"https:\\\/\\\/angeliqueolaizola.com\\\/?s={search_term_string}\"},\"query-input\":{\"@type\":\"PropertyValueSpecification\",\"valueRequired\":true,\"valueName\":\"search_term_string\"}}],\"inLanguage\":\"fr-FR\"},{\"@type\":\"Organization\",\"@id\":\"https:\\\/\\\/angeliqueolaizola.com\\\/#organization\",\"name\":\"Pranath\u00e9rapie\",\"url\":\"https:\\\/\\\/angeliqueolaizola.com\\\/\",\"logo\":{\"@type\":\"ImageObject\",\"inLanguage\":\"fr-FR\",\"@id\":\"https:\\\/\\\/angeliqueolaizola.com\\\/#\\\/schema\\\/logo\\\/image\\\/\",\"url\":\"https:\\\/\\\/angeliqueolaizola.com\\\/wp-content\\\/uploads\\\/2024\\\/03\\\/cropped-cropped-Oiseau-logo-1-1.jpg\",\"contentUrl\":\"https:\\\/\\\/angeliqueolaizola.com\\\/wp-content\\\/uploads\\\/2024\\\/03\\\/cropped-cropped-Oiseau-logo-1-1.jpg\",\"width\":1996,\"height\":1708,\"caption\":\"Pranath\u00e9rapie\"},\"image\":{\"@id\":\"https:\\\/\\\/angeliqueolaizola.com\\\/#\\\/schema\\\/logo\\\/image\\\/\"}}]}<\/script>\n<!-- \/ Yoast SEO plugin. -->","yoast_head_json":{"title":"Contact &#8211; Pranath\u00e9rapie","robots":{"index":"index","follow":"follow","max-snippet":"max-snippet:-1","max-image-preview":"max-image-preview:large","max-video-preview":"max-video-preview:-1"},"canonical":"https:\/\/angeliqueolaizola.com\/index.php\/contact\/","og_locale":"fr_FR","og_type":"article","og_title":"Contact &#8211; Pranath\u00e9rapie","og_description":"Ang\u00e9lique Ola\u00efzola 06 98 78 25 41 Sur rendez-vous 2 rue du commandant Foucaud Hameau Saint Georges 39570 FREBUANS","og_url":"https:\/\/angeliqueolaizola.com\/index.php\/contact\/","og_site_name":"Pranath\u00e9rapie","article_modified_time":"2025-05-24T11:34:09+00:00","og_image":[{"width":370,"height":560,"url":"https:\/\/angeliqueolaizola.com\/wp-content\/uploads\/2025\/05\/Angy-Copie.jpg","type":"image\/jpeg"}],"twitter_card":"summary_large_image","twitter_misc":{"Dur\u00e9e de lecture estim\u00e9e":"1 minute"},"schema":{"@context":"https:\/\/schema.org","@graph":[{"@type":"WebPage","@id":"https:\/\/angeliqueolaizola.com\/index.php\/contact\/","url":"https:\/\/angeliqueolaizola.com\/index.php\/contact\/","name":"Contact &#8211; Pranath\u00e9rapie","isPartOf":{"@id":"https:\/\/angeliqueolaizola.com\/#website"},"primaryImageOfPage":{"@id":"https:\/\/angeliqueolaizola.com\/index.php\/contact\/#primaryimage"},"image":{"@id":"https:\/\/angeliqueolaizola.com\/index.php\/contact\/#primaryimage"},"thumbnailUrl":"http:\/\/angeliqueolaizola.com\/wp-content\/uploads\/2025\/05\/Angy-Copie-198x300.jpg","datePublished":"2024-03-15T19:10:02+00:00","dateModified":"2025-05-24T11:34:09+00:00","breadcrumb":{"@id":"https:\/\/angeliqueolaizola.com\/index.php\/contact\/#breadcrumb"},"inLanguage":"fr-FR","potentialAction":[{"@type":"ReadAction","target":["https:\/\/angeliqueolaizola.com\/index.php\/contact\/"]}]},{"@type":"ImageObject","inLanguage":"fr-FR","@id":"https:\/\/angeliqueolaizola.com\/index.php\/contact\/#primaryimage","url":"https:\/\/angeliqueolaizola.com\/wp-content\/uploads\/2025\/05\/Angy-Copie.jpg","contentUrl":"https:\/\/angeliqueolaizola.com\/wp-content\/uploads\/2025\/05\/Angy-Copie.jpg","width":370,"height":560},{"@type":"BreadcrumbList","@id":"https:\/\/angeliqueolaizola.com\/index.php\/contact\/#breadcrumb","itemListElement":[{"@type":"ListItem","position":1,"name":"Accueil","item":"https:\/\/angeliqueolaizola.com\/"},{"@type":"ListItem","position":2,"name":"Contact"}]},{"@type":"WebSite","@id":"https:\/\/angeliqueolaizola.com\/#website","url":"https:\/\/angeliqueolaizola.com\/","name":"Pranath\u00e9rapie","description":"Lib\u00e9rez-vous des maux !","publisher":{"@id":"https:\/\/angeliqueolaizola.com\/#organization"},"potentialAction":[{"@type":"SearchAction","target":{"@type":"EntryPoint","urlTemplate":"https:\/\/angeliqueolaizola.com\/?s={search_term_string}"},"query-input":{"@type":"PropertyValueSpecification","valueRequired":true,"valueName":"search_term_string"}}],"inLanguage":"fr-FR"},{"@type":"Organization","@id":"https:\/\/angeliqueolaizola.com\/#organization","name":"Pranath\u00e9rapie","url":"https:\/\/angeliqueolaizola.com\/","logo":{"@type":"ImageObject","inLanguage":"fr-FR","@id":"https:\/\/angeliqueolaizola.com\/#\/schema\/logo\/image\/","url":"https:\/\/angeliqueolaizola.com\/wp-content\/uploads\/2024\/03\/cropped-cropped-Oiseau-logo-1-1.jpg","contentUrl":"https:\/\/angeliqueolaizola.com\/wp-content\/uploads\/2024\/03\/cropped-cropped-Oiseau-logo-1-1.jpg","width":1996,"height":1708,"caption":"Pranath\u00e9rapie"},"image":{"@id":"https:\/\/angeliqueolaizola.com\/#\/schema\/logo\/image\/"}}]}},"_links":{"self":[{"href":"https:\/\/angeliqueolaizola.com\/index.php\/wp-json\/wp\/v2\/pages\/43","targetHints":{"allow":["GET"]}}],"collection":[{"href":"https:\/\/angeliqueolaizola.com\/index.php\/wp-json\/wp\/v2\/pages"}],"about":[{"href":"https:\/\/angeliqueolaizola.com\/index.php\/wp-json\/wp\/v2\/types\/page"}],"author":[{"embeddable":true,"href":"https:\/\/angeliqueolaizola.com\/index.php\/wp-json\/wp\/v2\/users\/1"}],"replies":[{"embeddable":true,"href":"https:\/\/angeliqueolaizola.com\/index.php\/wp-json\/wp\/v2\/comments?post=43"}],"version-history":[{"count":118,"href":"https:\/\/angeliqueolaizola.com\/index.php\/wp-json\/wp\/v2\/pages\/43\/revisions"}],"predecessor-version":[{"id":752,"href":"https:\/\/angeliqueolaizola.com\/index.php\/wp-json\/wp\/v2\/pages\/43\/revisions\/752"}],"wp:attachment":[{"href":"https:\/\/angeliqueolaizola.com\/index.php\/wp-json\/wp\/v2\/media?parent=43"}],"curies":[{"name":"wp","href":"https:\/\/api.w.org\/{rel}","templated":true}]}}