{"id":772,"date":"2025-10-09T20:59:20","date_gmt":"2025-10-09T18:59:20","guid":{"rendered":"https:\/\/angeliqueolaizola.com\/?page_id=772"},"modified":"2026-03-25T13:41:49","modified_gmt":"2026-03-25T12:41:49","slug":"activites","status":"publish","type":"page","link":"https:\/\/angeliqueolaizola.com\/index.php\/activites\/","title":{"rendered":"Activit\u00e9s"},"content":{"rendered":"\t\t<div data-elementor-type=\"wp-page\" data-elementor-id=\"772\" class=\"elementor elementor-772\">\n\t\t\t\t<div class=\"elementor-element elementor-element-8600c53 e-con-full e-flex e-con e-parent\" data-id=\"8600c53\" data-element_type=\"container\" data-e-type=\"container\">\n\t\t\t\t<div class=\"elementor-element elementor-element-0cad983 elementor-widget elementor-widget-text-editor\" data-id=\"0cad983\" data-element_type=\"widget\" data-e-type=\"widget\" data-widget_type=\"text-editor.default\">\n\t\t\t\t<div class=\"elementor-widget-container\">\n\t\t\t\t\t\t\t\t\t<p><strong>Atelier et cours de base de Pranath\u00e9rapie ou Pranic Healing<\/strong>\u00ae<\/p>\t\t\t\t\t\t\t\t<\/div>\n\t\t\t\t<\/div>\n\t\t\t\t<\/div>\n\t\t<div class=\"elementor-element elementor-element-cb046e7 e-con-full e-flex e-con e-parent\" data-id=\"cb046e7\" data-element_type=\"container\" data-e-type=\"container\">\n\t\t\t\t<div class=\"elementor-element elementor-element-56e9fbe elementor-widget elementor-widget-text-editor\" data-id=\"56e9fbe\" data-element_type=\"widget\" data-e-type=\"widget\" data-widget_type=\"text-editor.default\">\n\t\t\t\t<div class=\"elementor-widget-container\">\n\t\t\t\t\t\t\t\t\t<p><span class=\"BxUVEf ILfuVd\" lang=\"fr\"><span class=\"hgKElc\"><em>Prochainement:<\/em><br \/><\/span><\/span><strong>Atelier de Pranath\u00e9rapie<\/strong>, pr\u00e9-requis : cours de base de pranath\u00e9rapie.<\/p><p><strong>Initiation \u00e0 la Pranath\u00e9rapie<\/strong> : cours de base samedi 25 et dimanche 26 avril 2026, \u00e0 Lons-le-Saunier.<br \/>Samedi 4 et dimanche 5 juillet 2026 \u00e0 Jura M\u00e9t\u00e9orites 39120 Tasseni\u00e8res.<br \/>Samedi 5 et dimanche 6 septembre 2026 \u00e0 Jura M\u00e9t\u00e9orites 39120 Tasseni\u00e8res.<\/p><p>Pour les cours \u00e0 Tasseni\u00e8res, vous pouvez vous inscrire directement via le site de Jura M\u00e9t\u00e9orites :<br \/><a href=\"https:\/\/www.jura-meteorites.com\/index.php\/evenements-formations\/formations\/initiation-a-la-pranatherapie\" target=\"_blank\" rel=\"noopener\">https:\/\/www.jura-meteorites.com\/index.php\/evenements-formations\/formations\/initiation-a-la-pranatherapie<\/a><\/p><p>Ouvert \u00e0 tous, n&rsquo;h\u00e9sitez pas \u00e0 me contacter.<\/p>\t\t\t\t\t\t\t\t<\/div>\n\t\t\t\t<\/div>\n\t\t\t\t<\/div>\n\t\t<div class=\"elementor-element elementor-element-d41a198 e-con-full e-flex e-con e-parent\" data-id=\"d41a198\" data-element_type=\"container\" data-e-type=\"container\">\n\t\t\t\t<div class=\"elementor-element elementor-element-eeaa96b elementor-widget elementor-widget-heading\" data-id=\"eeaa96b\" data-element_type=\"widget\" data-e-type=\"widget\" data-widget_type=\"heading.default\">\n\t\t\t\t<div class=\"elementor-widget-container\">\n\t\t\t\t\t<h2 class=\"elementor-heading-title elementor-size-default\">Organisation et contenu du cours de base de Pranath\u00e9rapie<\/h2>\t\t\t\t<\/div>\n\t\t\t\t<\/div>\n\t\t\t\t<\/div>\n\t\t<div class=\"elementor-element elementor-element-333d8ea e-con-full e-flex e-con e-parent\" data-id=\"333d8ea\" data-element_type=\"container\" data-e-type=\"container\">\n\t\t\t\t<div class=\"elementor-element elementor-element-f7b56d3 elementor-widget elementor-widget-text-editor\" data-id=\"f7b56d3\" data-element_type=\"widget\" data-e-type=\"widget\" data-widget_type=\"text-editor.default\">\n\t\t\t\t<div class=\"elementor-widget-container\">\n\t\t\t\t\t\t\t\t\t<p>M\u00eame sans contact physique, on peut activer les d\u00e9fenses naturelles du corps en nettoyant l\u2019aura et les chakras puis en projetant une nouvelle \u00e9nergie vitale sur les parties affect\u00e9es. Cette pratique aide de mani\u00e8re efficace \u00e0 favoriser et \u00e0 acc\u00e9l\u00e9rer le r\u00e9tablissement des forces vitales et de maintenir en bon \u00e9tat la constitution.<\/p><p><strong>PUBLIC CONCERN\u00c9<\/strong><\/p><p>Cette pratique est accessible \u00e0 tous, particuliers et professionnels du bien-\u00eatre (aider les autres et soi-m\u00eame \u00e0 maintenir ou \u00e0 am\u00e9liorer la sant\u00e9.)<\/p><p>Aucun pr\u00e9requis n\u00e9cessaire.<\/p><p>Au fur et \u00e0 mesure de la pratique des s\u00e9ances en Pranath\u00e9rapie, les ressentis, l\u2019intuition, s\u2019intensifieront.<\/p><p>La Pranath\u00e9rapie est un excellent compl\u00e9ment \u00e0 de nombreuses autres techniques th\u00e9rapeutiques .<\/p>\t\t\t\t\t\t\t\t<\/div>\n\t\t\t\t<\/div>\n\t\t\t\t<\/div>\n\t\t<div class=\"elementor-element elementor-element-51965a9 e-con-full e-flex e-con e-parent\" data-id=\"51965a9\" data-element_type=\"container\" data-e-type=\"container\">\n\t\t\t\t<div class=\"elementor-element elementor-element-3638b1c elementor-widget elementor-widget-text-editor\" data-id=\"3638b1c\" data-element_type=\"widget\" data-e-type=\"widget\" data-widget_type=\"text-editor.default\">\n\t\t\t\t<div class=\"elementor-widget-container\">\n\t\t\t\t\t\t\t\t\t<p><strong>ORGANISATION<\/strong><\/p><ul><li><strong>2 jours<\/strong><\/li><li><strong>Horaires\u00a0: 9h-18h <\/strong>(avec petites pauses et pause repas d\u20191h15)<\/li><\/ul><p><strong>\u00a0<\/strong><strong>CONTENU<\/strong><\/p><ul><li>Origines de la Pranath\u00e9rapie<\/li><li>Principes et techniques de base<\/li><li>Fonctions de l\u2019aura et des chakras<\/li><li>Nettoyage et transfert d\u2019\u00e9nergie<\/li><li>Lois universelles et Karma<\/li><li>S\u00e9ance au client, \u00e0 soi-m\u00eame, aux animaux, \u00e0 distance<\/li><li>Renforcement des techniques de respiration et de m\u00e9ditation<\/li><li>Nombreux exercices guid\u00e9s<\/li><\/ul><p>Ce sont 2 jours d\u2019auto-r\u00e9tablissement efficaces.<\/p><p><strong>TARIFS<\/strong><\/p><p>350\u20ac le week-end<\/p><p><strong>Inscription:<\/strong> par t\u00e9l\u00e9phone ou par email. Les places \u00e9tant limit\u00e9es, la r\u00e9servation est obligatoire. Un versement de 50\u20ac d&rsquo;arrhes est demand\u00e9 pour valider l&rsquo;inscription.<\/p>\t\t\t\t\t\t\t\t<\/div>\n\t\t\t\t<\/div>\n\t\t\t\t<\/div>\n\t\t<div class=\"elementor-element elementor-element-3d3dec6 e-con-full e-flex e-con e-parent\" data-id=\"3d3dec6\" data-element_type=\"container\" data-e-type=\"container\">\n\t\t\t\t<div class=\"elementor-element elementor-element-1e41531 elementor-widget elementor-widget-heading\" data-id=\"1e41531\" data-element_type=\"widget\" data-e-type=\"widget\" data-widget_type=\"heading.default\">\n\t\t\t\t<div class=\"elementor-widget-container\">\n\t\t\t\t\t<h2 class=\"elementor-heading-title elementor-size-default\">Ateliers de pratique de Pranath\u00e9rapie<\/h2>\t\t\t\t<\/div>\n\t\t\t\t<\/div>\n\t\t\t\t<\/div>\n\t\t<div class=\"elementor-element elementor-element-f2d677e e-con-full e-flex e-con e-parent\" data-id=\"f2d677e\" data-element_type=\"container\" data-e-type=\"container\">\n\t\t\t\t<div class=\"elementor-element elementor-element-bd217bd elementor-widget elementor-widget-text-editor\" data-id=\"bd217bd\" data-element_type=\"widget\" data-e-type=\"widget\" data-widget_type=\"text-editor.default\">\n\t\t\t\t<div class=\"elementor-widget-container\">\n\t\t\t\t\t\t\t\t\t<p>Ces ateliers sont ouverts \u00e0 tous ceux qui ont \u00e9t\u00e9 form\u00e9s \u00e0 la Pranath\u00e9rapie, du cours de base aux cours plus avanc\u00e9s.<\/p><p>Ils sont organis\u00e9s dans un cadre convivial.<\/p><p>Ils ont pour objectif de permettre \u00e0 ceux qui manquent de pratique de s\u2019exercer et \u00e0 ceux qui pratiquent r\u00e9guli\u00e8rement de partager leurs exp\u00e9riences.<\/p><p>Chaque participant est tour \u00e0 tour praticien et client.<\/p><p><strong><u>D\u00e9roulement d\u2019une s\u00e9ance\u00a0:<\/u><\/strong><\/p><ul><li>Dur\u00e9e 3h<\/li><li>Accueil<\/li><li>M\u00e9ditation des C\u0153urs Jumeaux<\/li><li>Temps convivial<\/li><li>Echanges de pratique<\/li><\/ul><p><strong>Lieux :<\/strong> \u00e0 pr\u00e9ciser prochainement<\/p><p><strong><u>Tarif<\/u>\u00a0:<\/strong> participation 10\u20ac<\/p><p><strong>R\u00e9servation\u00a0:<\/strong> les places \u00e9tant limit\u00e9es, la r\u00e9servation est obligatoire.<\/p>\t\t\t\t\t\t\t\t<\/div>\n\t\t\t\t<\/div>\n\t\t\t\t<\/div>\n\t\t<div class=\"elementor-element elementor-element-90c129a e-flex e-con-boxed e-con e-parent\" data-id=\"90c129a\" data-element_type=\"container\" data-e-type=\"container\">\n\t\t\t\t\t<div class=\"e-con-inner\">\n\t\t\t\t<div class=\"elementor-element elementor-element-65eec15 elementor-widget elementor-widget-text-editor\" data-id=\"65eec15\" data-element_type=\"widget\" data-e-type=\"widget\" data-widget_type=\"text-editor.default\">\n\t\t\t\t<div class=\"elementor-widget-container\">\n\t\t\t\t\t\t\t\t\t<p>Pour de plus amples informations sur la Pranath\u00e9rapie, les autres cours, les enseignants et les praticiens, cliquez sur le lien ci-dessous :<br \/><a href=\"https:\/\/www.pranatherapie.org\/\" target=\"_blank\" rel=\"noopener\">https:\/\/www.pranatherapie.org\/<\/a><\/p>\t\t\t\t\t\t\t\t<\/div>\n\t\t\t\t<\/div>\n\t\t\t\t\t<\/div>\n\t\t\t\t<\/div>\n\t\t\t\t<\/div>\n\t\t","protected":false},"excerpt":{"rendered":"<p>Atelier et cours de base de Pranath\u00e9rapie ou Pranic Healing\u00ae Prochainement:Atelier de Pranath\u00e9rapie, pr\u00e9-requis : cours de base de pranath\u00e9rapie. Initiation \u00e0 la Pranath\u00e9rapie : cours de base samedi 25 et dimanche 26 avril 2026, \u00e0 Lons-le-Saunier.Samedi 4 et dimanche 5 juillet 2026 \u00e0 Jura M\u00e9t\u00e9orites 39120 Tasseni\u00e8res.Samedi 5 et dimanche 6 septembre 2026 \u00e0 [&hellip;]<\/p>\n","protected":false},"author":1,"featured_media":0,"parent":0,"menu_order":0,"comment_status":"closed","ping_status":"closed","template":"","meta":{"ocean_post_layout":"","ocean_both_sidebars_style":"","ocean_both_sidebars_content_width":0,"ocean_both_sidebars_sidebars_width":0,"ocean_sidebar":"","ocean_second_sidebar":"","ocean_disable_margins":"enable","ocean_add_body_class":"","ocean_shortcode_before_top_bar":"","ocean_shortcode_after_top_bar":"","ocean_shortcode_before_header":"","ocean_shortcode_after_header":"","ocean_has_shortcode":"","ocean_shortcode_after_title":"","ocean_shortcode_before_footer_widgets":"","ocean_shortcode_after_footer_widgets":"","ocean_shortcode_before_footer_bottom":"","ocean_shortcode_after_footer_bottom":"","ocean_display_top_bar":"default","ocean_display_header":"default","ocean_header_style":"","ocean_center_header_left_menu":"","ocean_custom_header_template":"","ocean_custom_logo":0,"ocean_custom_retina_logo":0,"ocean_custom_logo_max_width":0,"ocean_custom_logo_tablet_max_width":0,"ocean_custom_logo_mobile_max_width":0,"ocean_custom_logo_max_height":0,"ocean_custom_logo_tablet_max_height":0,"ocean_custom_logo_mobile_max_height":0,"ocean_header_custom_menu":"","ocean_menu_typo_font_family":"","ocean_menu_typo_font_subset":"","ocean_menu_typo_font_size":0,"ocean_menu_typo_font_size_tablet":0,"ocean_menu_typo_font_size_mobile":0,"ocean_menu_typo_font_size_unit":"px","ocean_menu_typo_font_weight":"","ocean_menu_typo_font_weight_tablet":"","ocean_menu_typo_font_weight_mobile":"","ocean_menu_typo_transform":"","ocean_menu_typo_transform_tablet":"","ocean_menu_typo_transform_mobile":"","ocean_menu_typo_line_height":0,"ocean_menu_typo_line_height_tablet":0,"ocean_menu_typo_line_height_mobile":0,"ocean_menu_typo_line_height_unit":"","ocean_menu_typo_spacing":0,"ocean_menu_typo_spacing_tablet":0,"ocean_menu_typo_spacing_mobile":0,"ocean_menu_typo_spacing_unit":"","ocean_menu_link_color":"","ocean_menu_link_color_hover":"","ocean_menu_link_color_active":"","ocean_menu_link_background":"","ocean_menu_link_hover_background":"","ocean_menu_link_active_background":"","ocean_menu_social_links_bg":"","ocean_menu_social_hover_links_bg":"","ocean_menu_social_links_color":"","ocean_menu_social_hover_links_color":"","ocean_disable_title":"default","ocean_disable_heading":"default","ocean_post_title":"","ocean_post_subheading":"","ocean_post_title_style":"","ocean_post_title_background_color":"","ocean_post_title_background":0,"ocean_post_title_bg_image_position":"","ocean_post_title_bg_image_attachment":"","ocean_post_title_bg_image_repeat":"","ocean_post_title_bg_image_size":"","ocean_post_title_height":0,"ocean_post_title_bg_overlay":0.5,"ocean_post_title_bg_overlay_color":"","ocean_disable_breadcrumbs":"default","ocean_breadcrumbs_color":"","ocean_breadcrumbs_separator_color":"","ocean_breadcrumbs_links_color":"","ocean_breadcrumbs_links_hover_color":"","ocean_display_footer_widgets":"default","ocean_display_footer_bottom":"default","ocean_custom_footer_template":"","footnotes":""},"class_list":["post-772","page","type-page","status-publish","hentry","entry"],"yoast_head":"<!-- This site is optimized with the Yoast SEO plugin v27.4 - https:\/\/yoast.com\/product\/yoast-seo-wordpress\/ -->\n<title>Activit\u00e9s &#8211; Pranath\u00e9rapie<\/title>\n<meta name=\"robots\" content=\"index, follow, max-snippet:-1, max-image-preview:large, max-video-preview:-1\" \/>\n<link rel=\"canonical\" href=\"https:\/\/angeliqueolaizola.com\/index.php\/activites\/\" \/>\n<meta property=\"og:locale\" content=\"fr_FR\" \/>\n<meta property=\"og:type\" content=\"article\" \/>\n<meta property=\"og:title\" content=\"Activit\u00e9s &#8211; Pranath\u00e9rapie\" \/>\n<meta property=\"og:description\" content=\"Atelier et cours de base de Pranath\u00e9rapie ou Pranic Healing\u00ae Prochainement:Atelier de Pranath\u00e9rapie, pr\u00e9-requis : cours de base de pranath\u00e9rapie. Initiation \u00e0 la Pranath\u00e9rapie : cours de base samedi 25 et dimanche 26 avril 2026, \u00e0 Lons-le-Saunier.Samedi 4 et dimanche 5 juillet 2026 \u00e0 Jura M\u00e9t\u00e9orites 39120 Tasseni\u00e8res.Samedi 5 et dimanche 6 septembre 2026 \u00e0 [&hellip;]\" \/>\n<meta property=\"og:url\" content=\"https:\/\/angeliqueolaizola.com\/index.php\/activites\/\" \/>\n<meta property=\"og:site_name\" content=\"Pranath\u00e9rapie\" \/>\n<meta property=\"article:modified_time\" content=\"2026-03-25T12:41:49+00:00\" \/>\n<meta name=\"twitter:card\" content=\"summary_large_image\" \/>\n<meta name=\"twitter:label1\" content=\"Dur\u00e9e de lecture estim\u00e9e\" \/>\n\t<meta name=\"twitter:data1\" content=\"3 minutes\" \/>\n<script type=\"application\/ld+json\" class=\"yoast-schema-graph\">{\"@context\":\"https:\\\/\\\/schema.org\",\"@graph\":[{\"@type\":\"WebPage\",\"@id\":\"https:\\\/\\\/angeliqueolaizola.com\\\/index.php\\\/activites\\\/\",\"url\":\"https:\\\/\\\/angeliqueolaizola.com\\\/index.php\\\/activites\\\/\",\"name\":\"Activit\u00e9s &#8211; Pranath\u00e9rapie\",\"isPartOf\":{\"@id\":\"https:\\\/\\\/angeliqueolaizola.com\\\/#website\"},\"datePublished\":\"2025-10-09T18:59:20+00:00\",\"dateModified\":\"2026-03-25T12:41:49+00:00\",\"breadcrumb\":{\"@id\":\"https:\\\/\\\/angeliqueolaizola.com\\\/index.php\\\/activites\\\/#breadcrumb\"},\"inLanguage\":\"fr-FR\",\"potentialAction\":[{\"@type\":\"ReadAction\",\"target\":[\"https:\\\/\\\/angeliqueolaizola.com\\\/index.php\\\/activites\\\/\"]}]},{\"@type\":\"BreadcrumbList\",\"@id\":\"https:\\\/\\\/angeliqueolaizola.com\\\/index.php\\\/activites\\\/#breadcrumb\",\"itemListElement\":[{\"@type\":\"ListItem\",\"position\":1,\"name\":\"Accueil\",\"item\":\"https:\\\/\\\/angeliqueolaizola.com\\\/\"},{\"@type\":\"ListItem\",\"position\":2,\"name\":\"Activit\u00e9s\"}]},{\"@type\":\"WebSite\",\"@id\":\"https:\\\/\\\/angeliqueolaizola.com\\\/#website\",\"url\":\"https:\\\/\\\/angeliqueolaizola.com\\\/\",\"name\":\"Pranath\u00e9rapie\",\"description\":\"Lib\u00e9rez-vous des maux !\",\"publisher\":{\"@id\":\"https:\\\/\\\/angeliqueolaizola.com\\\/#organization\"},\"potentialAction\":[{\"@type\":\"SearchAction\",\"target\":{\"@type\":\"EntryPoint\",\"urlTemplate\":\"https:\\\/\\\/angeliqueolaizola.com\\\/?s={search_term_string}\"},\"query-input\":{\"@type\":\"PropertyValueSpecification\",\"valueRequired\":true,\"valueName\":\"search_term_string\"}}],\"inLanguage\":\"fr-FR\"},{\"@type\":\"Organization\",\"@id\":\"https:\\\/\\\/angeliqueolaizola.com\\\/#organization\",\"name\":\"Pranath\u00e9rapie\",\"url\":\"https:\\\/\\\/angeliqueolaizola.com\\\/\",\"logo\":{\"@type\":\"ImageObject\",\"inLanguage\":\"fr-FR\",\"@id\":\"https:\\\/\\\/angeliqueolaizola.com\\\/#\\\/schema\\\/logo\\\/image\\\/\",\"url\":\"https:\\\/\\\/angeliqueolaizola.com\\\/wp-content\\\/uploads\\\/2024\\\/03\\\/cropped-cropped-Oiseau-logo-1-1.jpg\",\"contentUrl\":\"https:\\\/\\\/angeliqueolaizola.com\\\/wp-content\\\/uploads\\\/2024\\\/03\\\/cropped-cropped-Oiseau-logo-1-1.jpg\",\"width\":1996,\"height\":1708,\"caption\":\"Pranath\u00e9rapie\"},\"image\":{\"@id\":\"https:\\\/\\\/angeliqueolaizola.com\\\/#\\\/schema\\\/logo\\\/image\\\/\"}}]}<\/script>\n<!-- \/ Yoast SEO plugin. -->","yoast_head_json":{"title":"Activit\u00e9s &#8211; Pranath\u00e9rapie","robots":{"index":"index","follow":"follow","max-snippet":"max-snippet:-1","max-image-preview":"max-image-preview:large","max-video-preview":"max-video-preview:-1"},"canonical":"https:\/\/angeliqueolaizola.com\/index.php\/activites\/","og_locale":"fr_FR","og_type":"article","og_title":"Activit\u00e9s &#8211; Pranath\u00e9rapie","og_description":"Atelier et cours de base de Pranath\u00e9rapie ou Pranic Healing\u00ae Prochainement:Atelier de Pranath\u00e9rapie, pr\u00e9-requis : cours de base de pranath\u00e9rapie. Initiation \u00e0 la Pranath\u00e9rapie : cours de base samedi 25 et dimanche 26 avril 2026, \u00e0 Lons-le-Saunier.Samedi 4 et dimanche 5 juillet 2026 \u00e0 Jura M\u00e9t\u00e9orites 39120 Tasseni\u00e8res.Samedi 5 et dimanche 6 septembre 2026 \u00e0 [&hellip;]","og_url":"https:\/\/angeliqueolaizola.com\/index.php\/activites\/","og_site_name":"Pranath\u00e9rapie","article_modified_time":"2026-03-25T12:41:49+00:00","twitter_card":"summary_large_image","twitter_misc":{"Dur\u00e9e de lecture estim\u00e9e":"3 minutes"},"schema":{"@context":"https:\/\/schema.org","@graph":[{"@type":"WebPage","@id":"https:\/\/angeliqueolaizola.com\/index.php\/activites\/","url":"https:\/\/angeliqueolaizola.com\/index.php\/activites\/","name":"Activit\u00e9s &#8211; Pranath\u00e9rapie","isPartOf":{"@id":"https:\/\/angeliqueolaizola.com\/#website"},"datePublished":"2025-10-09T18:59:20+00:00","dateModified":"2026-03-25T12:41:49+00:00","breadcrumb":{"@id":"https:\/\/angeliqueolaizola.com\/index.php\/activites\/#breadcrumb"},"inLanguage":"fr-FR","potentialAction":[{"@type":"ReadAction","target":["https:\/\/angeliqueolaizola.com\/index.php\/activites\/"]}]},{"@type":"BreadcrumbList","@id":"https:\/\/angeliqueolaizola.com\/index.php\/activites\/#breadcrumb","itemListElement":[{"@type":"ListItem","position":1,"name":"Accueil","item":"https:\/\/angeliqueolaizola.com\/"},{"@type":"ListItem","position":2,"name":"Activit\u00e9s"}]},{"@type":"WebSite","@id":"https:\/\/angeliqueolaizola.com\/#website","url":"https:\/\/angeliqueolaizola.com\/","name":"Pranath\u00e9rapie","description":"Lib\u00e9rez-vous des maux !","publisher":{"@id":"https:\/\/angeliqueolaizola.com\/#organization"},"potentialAction":[{"@type":"SearchAction","target":{"@type":"EntryPoint","urlTemplate":"https:\/\/angeliqueolaizola.com\/?s={search_term_string}"},"query-input":{"@type":"PropertyValueSpecification","valueRequired":true,"valueName":"search_term_string"}}],"inLanguage":"fr-FR"},{"@type":"Organization","@id":"https:\/\/angeliqueolaizola.com\/#organization","name":"Pranath\u00e9rapie","url":"https:\/\/angeliqueolaizola.com\/","logo":{"@type":"ImageObject","inLanguage":"fr-FR","@id":"https:\/\/angeliqueolaizola.com\/#\/schema\/logo\/image\/","url":"https:\/\/angeliqueolaizola.com\/wp-content\/uploads\/2024\/03\/cropped-cropped-Oiseau-logo-1-1.jpg","contentUrl":"https:\/\/angeliqueolaizola.com\/wp-content\/uploads\/2024\/03\/cropped-cropped-Oiseau-logo-1-1.jpg","width":1996,"height":1708,"caption":"Pranath\u00e9rapie"},"image":{"@id":"https:\/\/angeliqueolaizola.com\/#\/schema\/logo\/image\/"}}]}},"_links":{"self":[{"href":"https:\/\/angeliqueolaizola.com\/index.php\/wp-json\/wp\/v2\/pages\/772","targetHints":{"allow":["GET"]}}],"collection":[{"href":"https:\/\/angeliqueolaizola.com\/index.php\/wp-json\/wp\/v2\/pages"}],"about":[{"href":"https:\/\/angeliqueolaizola.com\/index.php\/wp-json\/wp\/v2\/types\/page"}],"author":[{"embeddable":true,"href":"https:\/\/angeliqueolaizola.com\/index.php\/wp-json\/wp\/v2\/users\/1"}],"replies":[{"embeddable":true,"href":"https:\/\/angeliqueolaizola.com\/index.php\/wp-json\/wp\/v2\/comments?post=772"}],"version-history":[{"count":200,"href":"https:\/\/angeliqueolaizola.com\/index.php\/wp-json\/wp\/v2\/pages\/772\/revisions"}],"predecessor-version":[{"id":1035,"href":"https:\/\/angeliqueolaizola.com\/index.php\/wp-json\/wp\/v2\/pages\/772\/revisions\/1035"}],"wp:attachment":[{"href":"https:\/\/angeliqueolaizola.com\/index.php\/wp-json\/wp\/v2\/media?parent=772"}],"curies":[{"name":"wp","href":"https:\/\/api.w.org\/{rel}","templated":true}]}}